{"id":98,"date":"2020-09-15T12:47:52","date_gmt":"2020-09-15T10:47:52","guid":{"rendered":"http:\/\/porte-plume.ovh\/?page_id=98"},"modified":"2023-10-13T16:00:32","modified_gmt":"2023-10-13T14:00:32","slug":"mes-tarifs","status":"publish","type":"page","link":"https:\/\/porte-plume.ovh\/index.php\/mes-tarifs\/","title":{"rendered":"MES TARIFS"},"content":{"rendered":"\n<blockquote class=\"wp-block-quote is-layout-flow wp-block-quote-is-layout-flow\">\n<p>+ <span style=\"color:#045070\" class=\"has-inline-color\">A l\u2019acte pour des travaux types<\/span><\/p>\n\n\n\n<p>+ <span style=\"color:#045070\" class=\"has-inline-color\">30 \u20ac \/ heure (TVA non applicable, article 293B du CGI).<\/span><\/p>\n<\/blockquote>\n\n\n\n<p class=\"has-medium-font-size\"><mark style=\"background-color:rgba(0, 0, 0, 0);color:#045070\" class=\"has-inline-color\">Dans la mesure o\u00f9 chaque travail n\u00e9cessite un investissement diff\u00e9rent, un prix ferme et d\u00e9finitif est fix\u00e9 sur devis, apr\u00e8s avoir analys\u00e9 les d\u00e9tails de la prestation souhait\u00e9e<\/mark><mark style=\"background-color:rgba(0, 0, 0, 0);color:#045070\" class=\"has-inline-color\"><\/mark><\/p>\n\n\n\n<p><\/p>\n\n\n\n<p class=\"has-medium-font-size\"><mark style=\"background-color:rgba(0, 0, 0, 0);color:#045070\" class=\"has-inline-color\"><em><strong>Quelques exemples de prix\u00a0:<\/strong><\/em> pour toute autre demande, n&rsquo;h\u00e9sitez pas \u00e0 me contacter pour un devis.<\/mark><\/p>\n\n\n\n<h5 class=\"wp-block-heading\"><mark style=\"background-color:rgba(0, 0, 0, 0);color:#616568\" class=\"has-inline-color\">TARIFS pour les PARTICULIERS :<\/mark><\/h5>\n\n\n\n<div class=\"wp-block-group\"><div class=\"wp-block-group__inner-container is-layout-flow wp-block-group-is-layout-flow\">\n<blockquote class=\"wp-block-quote is-layout-flow wp-block-quote-is-layout-flow\">\n<p>&#8211; <span style=\"color:#045070\" class=\"has-inline-color\">R\u00e9daction d\u2019un <strong>curriculum vitae<\/strong>&nbsp;: <em>30\u20ac<\/em>, avec la <strong>lettre de motivation<\/strong> 50\u20ac (le prix peut varier selon la complexit\u00e9 du document \u00e0 r\u00e9diger)<\/span><\/p>\n\n\n\n<p>&#8211; <span style=\"background-color:rgba(0, 0, 0, 0);color:#045070\" class=\"has-inline-color\">Cr\u00e9ation d\u2019un<strong> courrier <\/strong>d\u2019une page, environ <em>25\u20ac<\/em> (30\u20ac pour 2 pages) ou \u00e0 l&rsquo;heure.<\/span> <\/p>\n\n\n\n<p><mark style=\"background-color:rgba(0, 0, 0, 0);color:#045070\" class=\"has-inline-color\">&#8211; <strong>Correction d\u2019un courrier <\/strong>d\u2019une page\u00a0: <em>10\u20ac<\/em>.<\/mark><\/p>\n\n\n\n<p><mark style=\"background-color:rgba(0, 0, 0, 0);color:#045070\" class=\"has-inline-color\">&#8211; <strong>Correction th\u00e8se, m\u00e9moire, manuscrit<\/strong>\u00a0 entre <em>3 \u20ac et 5 \u20ac la page<\/em> (soit 1500 signes) : correction simple (orthographe et ponctuation), correction approfondie ((orthographe, ponctuation et syntaxe) ou une r\u00e9\u00e9criture (avec des propositions de reformulation). Il peut \u00eatre d\u00e9gressif en fonction du nombre de page (\u00e0 d\u00e9terminer dans un devis d\u00e9taill\u00e9). Le devis d\u00e9finitif est fix\u00e9 apr\u00e8s la lecture d\u2019un extrait du document \u00e0 corriger. De m\u00eame lorsque la collaboration est valid\u00e9e, apr\u00e8s quelques pages corrig\u00e9es, j\u2019envoie mes corrections et le client peut faire le choix de poursuivre ou pas<\/mark><\/p>\n\n\n\n<p>&#8211; <mark style=\"background-color:rgba(0, 0, 0, 0);color:#045070\" class=\"has-inline-color\"><strong>R\u00e9cit de vie <\/strong>: un premier entretien (gratuit et sans engagement) afin d\u2019esquisser les grands traits du projet et r\u00e9alisation d&rsquo;un devis gratuit. Par la suite, une fois l\u2019accord de principe donn\u00e9 et le devis estimatif valid\u00e9, chaque s\u00e9ance de travail comprend un entretien d\u20191h (des rendez-vous r\u00e9guliers durant lesquels je recueille le r\u00e9cit, les souvenirs,\u2026) et mon travail d\u2019\u00e9criture, de transcription, de r\u00e9daction, de mise en page. Chaque entretien g\u00e9n\u00e8re de nombreuses heures, voire journ\u00e9es, d\u2019\u00e9criture. <em>Chaque s\u00e9ance est factur\u00e9e 200\u20ac <\/em>(payable \u00e0 la fin de chaque s\u00e9ance). Je remets le texte \u00e0 la s\u00e9ance suivante pour une relecture, des corrections, am\u00e9liorations, et suggestions. Apr\u00e8s chaque s\u00e9ance, il est possible d\u2019arr\u00eater la collaboration. <\/mark><em><mark style=\"background-color:rgba(0, 0, 0, 0);color:#045070\" class=\"has-inline-color\">Des adaptations sont possibles.<\/mark>  <mark style=\"background-color:rgba(0, 0, 0, 0);color:#045070\" class=\"has-inline-color\"><\/mark>   <\/em><\/p>\n\n\n\n<p><mark style=\"background-color:rgba(0, 0, 0, 0);color:#045070\" class=\"has-inline-color\">&#8211; R\u00e9daction d&rsquo;un article : 15\u20ac les 2000 signes (majoration en cas de sujet tr\u00e8s sp\u00e9cifique n\u00e9cessitant des recherches)<\/mark><\/p>\n\n\n\n<p><mark style=\"background-color:rgba(0, 0, 0, 0);color:#045070\" class=\"has-inline-color\">&#8211; R\u00e9daction d&rsquo;un discours : 20\u20ac les 2000 signes <\/mark><\/p>\n<\/blockquote>\n<\/div><\/div>\n\n\n\n<p class=\"has-medium-font-size\"><mark style=\"background-color:rgba(0, 0, 0, 0);color:#075470\" class=\"has-inline-color\"><strong>Service \u00e0 la personne<\/strong> (SAP), cat\u00e9gorie aide administrative \u00e0 domicile, vous pouvez b\u00e9n\u00e9ficier d&rsquo;un <strong>cr\u00e9dit d&rsquo;imp\u00f4t de 50%<\/strong> de la facturation de votre \u00e9crivain public.<\/mark><\/p>\n\n\n\n<figure class=\"wp-block-image size-large\"><img loading=\"lazy\" decoding=\"async\" width=\"346\" height=\"146\" src=\"https:\/\/porte-plume.ovh\/wp-content\/uploads\/2021\/02\/index.jpg\" alt=\"\" class=\"wp-image-293\" srcset=\"https:\/\/porte-plume.ovh\/wp-content\/uploads\/2021\/02\/index.jpg 346w, https:\/\/porte-plume.ovh\/wp-content\/uploads\/2021\/02\/index-300x127.jpg 300w\" sizes=\"auto, (max-width: 346px) 100vw, 346px\" \/><\/figure>\n\n\n\n<h5 class=\"wp-block-heading\"><mark style=\"background-color:rgba(0, 0, 0, 0);color:#616568\" class=\"has-inline-color\">TARIFS pour les ENTREPRISES<\/mark><\/h5>\n\n\n\n<blockquote class=\"wp-block-quote is-layout-flow wp-block-quote-is-layout-flow\">\n<p><mark style=\"background-color:rgba(0, 0, 0, 0);color:#045070\" class=\"has-inline-color\">Relecture et correction (orthographe, grammaire, syntaxe) <em>2\u20ac la page<\/em><\/mark><\/p>\n\n\n\n<p><mark style=\"background-color:rgba(0, 0, 0, 0);color:#045070\" class=\"has-inline-color\">R\u00e9daction d&rsquo;un courrier <em>8\u20ac la page<\/em> (majoration si n\u00e9cessit\u00e9 de recherches)<\/mark><\/p>\n\n\n\n<p><mark style=\"background-color:rgba(0, 0, 0, 0);color:#045070\" class=\"has-inline-color\">Saisie avec mise en page <em>4\u20ac la page<\/em><\/mark><\/p>\n\n\n\n<p><mark style=\"background-color:rgba(0, 0, 0, 0);color:#045070\" class=\"has-inline-color\">R\u00e9daction de facture : 5\u20ac la page<\/mark><\/p>\n\n\n\n<p><mark style=\"background-color:rgba(0, 0, 0, 0);color:#045070\" class=\"has-inline-color\">Cr\u00e9ation d&rsquo;un rapport d&rsquo;activit\u00e9, synth\u00e8se : <em>sur devis<\/em><\/mark><\/p>\n<\/blockquote>\n\n\n\n<p><\/p>\n\n\n\n<h5 class=\"wp-block-heading\"><mark style=\"background-color:rgba(0, 0, 0, 0);color:#616568\" class=\"has-inline-color\">TARIFS pour les COLLECTIVIT\u00c9S et les ASSOCIATIONS<\/mark><\/h5>\n\n\n\n<blockquote class=\"wp-block-quote is-layout-flow wp-block-quote-is-layout-flow\">\n<p><mark style=\"background-color:rgba(0, 0, 0, 0);color:#045070\" class=\"has-inline-color\">Permanence d&rsquo;\u00e9crivain public : possibilit\u00e9 d&rsquo;une permanence r\u00e9guli\u00e8re ou d&rsquo;un forfait : <em>sur devis<\/em><\/mark><\/p>\n\n\n\n<p><mark style=\"background-color:rgba(0, 0, 0, 0);color:#045070\" class=\"has-inline-color\">Accompagnement \u00e0 la gestion administrative : <em>sur devis <\/em><\/mark><\/p>\n\n\n\n<p><mark style=\"background-color:rgba(0, 0, 0, 0);color:#045070\" class=\"has-inline-color\">Atelier d&rsquo;information collective sur un th\u00e8me de gestion administrative : <em>sur devis<\/em><\/mark><\/p>\n\n\n\n<p><mark style=\"background-color:rgba(0, 0, 0, 0);color:#045070\" class=\"has-inline-color\">Ateliers d&rsquo;\u00e9criture : <em>sur devis ; par exemple:<\/em> \u00a0<em>10 personnes max., 2h la s\u00e9ance, par cycle de 3 \u00e0 5\u00a0ateliers, 180<strong>\u20ac <\/strong>\/ atelie<\/em>r, (selon la distance).<\/mark><\/p>\n\n\n\n<p><mark style=\"background-color:rgba(0, 0, 0, 0);color:#045070\" class=\"has-inline-color\"><a href=\"https:\/\/porte-plume.ovh\/index.php\/plaquette\/\" data-type=\"page\" data-id=\"224\">MES PLAQUETTES<\/a><\/mark><\/p>\n<\/blockquote>\n\n\n\n<p class=\"has-medium-font-size\"><mark style=\"background-color:rgba(0, 0, 0, 0);color:#045070\" class=\"has-inline-color\">Un forfait de d\u00e9placement de 5\u20ac de 5km \u00e0 20km, puis 0.54\u20ac\/km (selon le tarif fiscal en vigueur)<\/mark><\/p>\n\n\n\n<blockquote class=\"wp-block-quote is-layout-flow wp-block-quote-is-layout-flow\">\n<p><\/p>\n<\/blockquote>\n\n\n\n<figure class=\"wp-block-pullquote\"><blockquote><p><mark style=\"background-color:rgba(0, 0, 0, 0);color:#045070\" class=\"has-inline-color\">Je reste disponible pour construire avec vous votre projet d&rsquo;\u00e9criture et ensuite vous proposer un tarif sur-mesure<\/mark><\/p><cite>MLaure paris pereira porte-plume \u00c9CRIVAIN PUBLIC<\/cite><\/blockquote><\/figure>\n\n\n\n<p class=\"has-text-align-center\"><mark style=\"background-color:rgba(0, 0, 0, 0);color:#045070\" class=\"has-inline-color\"><em><strong>Modes de paiements :<\/strong><\/em><\/mark><\/p>\n\n\n\n<p class=\"has-text-align-center\"><mark style=\"background-color:rgba(0, 0, 0, 0);color:#045070\" class=\"has-inline-color\"><strong> Esp\u00e8ces, ch\u00e8ques, virements, Carte bancaire<\/strong><\/mark><\/p>\n","protected":false},"excerpt":{"rendered":"<p class=\"text-justify\">+ A l\u2019acte pour des travaux types + 30 \u20ac \/ heure (TVA non applicable, article 293B du CGI). Dans la mesure [&hellip;]<\/p>\n","protected":false},"author":1,"featured_media":0,"parent":0,"menu_order":0,"comment_status":"closed","ping_status":"closed","template":"","meta":{"footnotes":""},"class_list":["post-98","page","type-page","status-publish","hentry"],"_links":{"self":[{"href":"https:\/\/porte-plume.ovh\/index.php\/wp-json\/wp\/v2\/pages\/98","targetHints":{"allow":["GET"]}}],"collection":[{"href":"https:\/\/porte-plume.ovh\/index.php\/wp-json\/wp\/v2\/pages"}],"about":[{"href":"https:\/\/porte-plume.ovh\/index.php\/wp-json\/wp\/v2\/types\/page"}],"author":[{"embeddable":true,"href":"https:\/\/porte-plume.ovh\/index.php\/wp-json\/wp\/v2\/users\/1"}],"replies":[{"embeddable":true,"href":"https:\/\/porte-plume.ovh\/index.php\/wp-json\/wp\/v2\/comments?post=98"}],"version-history":[{"count":21,"href":"https:\/\/porte-plume.ovh\/index.php\/wp-json\/wp\/v2\/pages\/98\/revisions"}],"predecessor-version":[{"id":962,"href":"https:\/\/porte-plume.ovh\/index.php\/wp-json\/wp\/v2\/pages\/98\/revisions\/962"}],"wp:attachment":[{"href":"https:\/\/porte-plume.ovh\/index.php\/wp-json\/wp\/v2\/media?parent=98"}],"curies":[{"name":"wp","href":"https:\/\/api.w.org\/{rel}","templated":true}]}}