{"id":96,"date":"2020-09-15T13:03:27","date_gmt":"2020-09-15T11:03:27","guid":{"rendered":"http:\/\/porte-plume.ovh\/?page_id=96"},"modified":"2020-09-16T10:20:04","modified_gmt":"2020-09-16T08:20:04","slug":"mon-experience","status":"publish","type":"page","link":"https:\/\/porte-plume.ovh\/index.php\/mon-experience\/","title":{"rendered":"MON EXP\u00c9RIENCE"},"content":{"rendered":"\n<p class=\"has-text-color has-medium-font-size\" style=\"color:#045070\">R\u00e9daction de compte-rendu de r\u00e9union<\/p>\n\n\n\n<p class=\"has-text-color has-medium-font-size\" style=\"color:#045070\">Cr\u00e9ation de rapports d\u2019activit\u00e9<\/p>\n\n\n\n<p class=\"has-text-color has-medium-font-size\" style=\"color:#045070\">Communication sur des \u00e9v\u00e8nements<\/p>\n\n\n\n<p class=\"has-text-color has-medium-font-size\" style=\"color:#045070\">Dossiers administratifs&nbsp;: ouverture de droits<\/p>\n\n\n\n<p class=\"has-text-color has-medium-font-size\" style=\"color:#045070\">Montage de demandes de financement<\/p>\n\n\n\n<p class=\"has-text-color has-medium-font-size\" style=\"color:#045070\">Correction d\u2019\u00e9crits<\/p>\n\n\n\n<p class=\"has-text-color has-medium-font-size\" style=\"color:#045070\">R\u00e9daction pour autrui<\/p>\n\n\n\n<p><\/p>\n","protected":false},"excerpt":{"rendered":"<p class=\"text-justify\">R\u00e9daction de compte-rendu de r\u00e9union Cr\u00e9ation de rapports d\u2019activit\u00e9 Communication sur des \u00e9v\u00e8nements Dossiers administratifs&nbsp;: ouverture de droits Montage de demandes de [&hellip;]<\/p>\n","protected":false},"author":1,"featured_media":0,"parent":0,"menu_order":0,"comment_status":"closed","ping_status":"closed","template":"","meta":{"footnotes":""},"class_list":["post-96","page","type-page","status-publish","hentry"],"_links":{"self":[{"href":"https:\/\/porte-plume.ovh\/index.php\/wp-json\/wp\/v2\/pages\/96","targetHints":{"allow":["GET"]}}],"collection":[{"href":"https:\/\/porte-plume.ovh\/index.php\/wp-json\/wp\/v2\/pages"}],"about":[{"href":"https:\/\/porte-plume.ovh\/index.php\/wp-json\/wp\/v2\/types\/page"}],"author":[{"embeddable":true,"href":"https:\/\/porte-plume.ovh\/index.php\/wp-json\/wp\/v2\/users\/1"}],"replies":[{"embeddable":true,"href":"https:\/\/porte-plume.ovh\/index.php\/wp-json\/wp\/v2\/comments?post=96"}],"version-history":[{"count":3,"href":"https:\/\/porte-plume.ovh\/index.php\/wp-json\/wp\/v2\/pages\/96\/revisions"}],"predecessor-version":[{"id":173,"href":"https:\/\/porte-plume.ovh\/index.php\/wp-json\/wp\/v2\/pages\/96\/revisions\/173"}],"wp:attachment":[{"href":"https:\/\/porte-plume.ovh\/index.php\/wp-json\/wp\/v2\/media?parent=96"}],"curies":[{"name":"wp","href":"https:\/\/api.w.org\/{rel}","templated":true}]}}