{"id":788,"date":"2023-09-21T09:57:14","date_gmt":"2023-09-21T07:57:14","guid":{"rendered":"https:\/\/porte-plume.ovh\/?page_id=788"},"modified":"2023-09-21T09:57:14","modified_gmt":"2023-09-21T07:57:14","slug":"adhesion-association-porte-plume","status":"publish","type":"page","link":"https:\/\/porte-plume.ovh\/index.php\/adhesion-association-porte-plume\/","title":{"rendered":"ADH\u00c9SION ASSOCIATION PORTE-PLUME"},"content":{"rendered":"\n<p><\/p>\n\n\n\n<p>En adh\u00e9rent \u00e0 notre association, vous participer \u00e0 son d\u00e9veloppement en donnant une visibilit\u00e9 \u00e0 notre structure. Cet \u00e9l\u00e9ment sera mis en avant dans la construction et la pr\u00e9sentation de nouveaux projets.L&rsquo;association Porte-plume a vocation \u00e0 proposer un service d&rsquo;\u00e9crivain public \u00e0 vocation sociale. Elle porte aussi des ateliers d&rsquo;\u00e9criture r\u00e9cr\u00e9atifs et ludiques.<\/p>\n\n\n\n<p class=\"has-black-color has-text-color\">En tant qu&rsquo;adh\u00e9rent, vous recevrez en avant premi\u00e8re les actualit\u00e9s de l&rsquo;association, vous pourrez b\u00e9n\u00e9ficier d&rsquo;une r\u00e9duction sur les ateliers d&rsquo;\u00e9criture et autres \u00e9v\u00e8nements culturels et festifs OU \u00a0d\u00e9fiscaliser 66% de votre adh\u00e9sion que vous soyez particulier ou entreprise car nous sommes d&rsquo;int\u00e9r\u00eat g\u00e9n\u00e9ral.<\/p>\n\n\n\n<p class=\"has-black-color has-text-color\">Vous pourrez participer \u00e0 la cr\u00e9ation de nouveaux projets, \u00e0 des commissions de travail.<\/p>\n\n\n\n<p class=\"has-black-color has-text-color\">Comme le dit le proverbe africain : <strong>\u00ab Seul on va plus vite, ensemble on va plus loin \u00bb, <\/strong>alors rejoignez-nous pour d\u00e9velopper les actions sociales et culturelles de Porte-plume.<\/p>\n\n\n\n<figure class=\"wp-block-embed\"><div class=\"wp-block-embed__wrapper\">\nhttps:\/\/www.helloasso.com\/associations\/association-porte-plume-ecrivain-public\/adhesions\/adhesion\/widget-bouton\n<\/div><\/figure>\n\n\n\n<p><\/p>\n","protected":false},"excerpt":{"rendered":"<p class=\"text-justify\">En adh\u00e9rent \u00e0 notre association, vous participer \u00e0 son d\u00e9veloppement en donnant une visibilit\u00e9 \u00e0 notre structure. Cet \u00e9l\u00e9ment sera mis en [&hellip;]<\/p>\n","protected":false},"author":1,"featured_media":0,"parent":0,"menu_order":0,"comment_status":"closed","ping_status":"closed","template":"","meta":{"footnotes":""},"class_list":["post-788","page","type-page","status-publish","hentry"],"_links":{"self":[{"href":"https:\/\/porte-plume.ovh\/index.php\/wp-json\/wp\/v2\/pages\/788","targetHints":{"allow":["GET"]}}],"collection":[{"href":"https:\/\/porte-plume.ovh\/index.php\/wp-json\/wp\/v2\/pages"}],"about":[{"href":"https:\/\/porte-plume.ovh\/index.php\/wp-json\/wp\/v2\/types\/page"}],"author":[{"embeddable":true,"href":"https:\/\/porte-plume.ovh\/index.php\/wp-json\/wp\/v2\/users\/1"}],"replies":[{"embeddable":true,"href":"https:\/\/porte-plume.ovh\/index.php\/wp-json\/wp\/v2\/comments?post=788"}],"version-history":[{"count":5,"href":"https:\/\/porte-plume.ovh\/index.php\/wp-json\/wp\/v2\/pages\/788\/revisions"}],"predecessor-version":[{"id":800,"href":"https:\/\/porte-plume.ovh\/index.php\/wp-json\/wp\/v2\/pages\/788\/revisions\/800"}],"wp:attachment":[{"href":"https:\/\/porte-plume.ovh\/index.php\/wp-json\/wp\/v2\/media?parent=788"}],"curies":[{"name":"wp","href":"https:\/\/api.w.org\/{rel}","templated":true}]}}