{"id":619,"date":"2022-11-04T06:13:28","date_gmt":"2022-11-04T05:13:28","guid":{"rendered":"http:\/\/porte-plume.ovh\/?page_id=619"},"modified":"2022-11-04T06:13:28","modified_gmt":"2022-11-04T05:13:28","slug":"politique-de-confidentialite-2","status":"publish","type":"page","link":"https:\/\/porte-plume.ovh\/index.php\/politique-de-confidentialite-2\/","title":{"rendered":"Politique de confidentialit\u00e9"},"content":{"rendered":"\n<h6 class=\"wp-block-heading\"><\/h6>\n\n\n\n<p>Conform\u00e9ment \u00e0 l\u2019article&nbsp;40 de la loi n\u00b0&nbsp;78-17 du 6&nbsp;janvier 1978 relative \u00e0 l\u2019informatique, aux fichiers et aux libert\u00e9s, \u00e0 la loi n\u00b0&nbsp;2004-801 du 6&nbsp;ao\u00fbt 2004, \u00e0 l\u2019article L.&nbsp;226-13 du Code p\u00e9nal et \u00e0 la Directive europ\u00e9enne du 24&nbsp;octobre 1995, vos donn\u00e9es personnelles ne sont utilis\u00e9es que dans le cadre de certains services propos\u00e9s par <strong>Porte-plume \u00e9crivain public<\/strong>.<\/p>\n\n\n\n<p>Vous \u00eates inform\u00e9(e) que vous disposez d\u2019un droit d\u2019acc\u00e8s, de modification et de suppression des informations collect\u00e9es par <strong>Porte-plume \u00e9crivain public<\/strong>.<\/p>\n\n\n\n<p>Pour exercer ce droit, vous pouvez nous adresser un mail \u00e0 l\u2019adresse suivante : contact@porte-plume.ovh<\/p>\n","protected":false},"excerpt":{"rendered":"<p class=\"text-justify\">Conform\u00e9ment \u00e0 l\u2019article&nbsp;40 de la loi n\u00b0&nbsp;78-17 du 6&nbsp;janvier 1978 relative \u00e0 l\u2019informatique, aux fichiers et aux libert\u00e9s, \u00e0 la loi n\u00b0&nbsp;2004-801 [&hellip;]<\/p>\n","protected":false},"author":1,"featured_media":0,"parent":0,"menu_order":0,"comment_status":"open","ping_status":"closed","template":"","meta":{"footnotes":""},"class_list":["post-619","page","type-page","status-publish","hentry"],"_links":{"self":[{"href":"https:\/\/porte-plume.ovh\/index.php\/wp-json\/wp\/v2\/pages\/619","targetHints":{"allow":["GET"]}}],"collection":[{"href":"https:\/\/porte-plume.ovh\/index.php\/wp-json\/wp\/v2\/pages"}],"about":[{"href":"https:\/\/porte-plume.ovh\/index.php\/wp-json\/wp\/v2\/types\/page"}],"author":[{"embeddable":true,"href":"https:\/\/porte-plume.ovh\/index.php\/wp-json\/wp\/v2\/users\/1"}],"replies":[{"embeddable":true,"href":"https:\/\/porte-plume.ovh\/index.php\/wp-json\/wp\/v2\/comments?post=619"}],"version-history":[{"count":1,"href":"https:\/\/porte-plume.ovh\/index.php\/wp-json\/wp\/v2\/pages\/619\/revisions"}],"predecessor-version":[{"id":620,"href":"https:\/\/porte-plume.ovh\/index.php\/wp-json\/wp\/v2\/pages\/619\/revisions\/620"}],"wp:attachment":[{"href":"https:\/\/porte-plume.ovh\/index.php\/wp-json\/wp\/v2\/media?parent=619"}],"curies":[{"name":"wp","href":"https:\/\/api.w.org\/{rel}","templated":true}]}}