{"id":59,"date":"2020-09-15T10:42:51","date_gmt":"2020-09-15T08:42:51","guid":{"rendered":"http:\/\/porte-plume.ovh\/?page_id=59"},"modified":"2024-01-12T15:41:13","modified_gmt":"2024-01-12T14:41:13","slug":"ma-formation","status":"publish","type":"page","link":"https:\/\/porte-plume.ovh\/index.php\/ma-formation\/","title":{"rendered":"MA FORMATION"},"content":{"rendered":"\n<div class=\"wp-block-group\"><div class=\"wp-block-group__inner-container is-layout-flow wp-block-group-is-layout-flow\">\n<div class=\"wp-block-group\"><div class=\"wp-block-group__inner-container is-layout-flow wp-block-group-is-layout-flow\"><\/div><\/div>\n\n\n\n<blockquote class=\"wp-block-quote is-style-large is-layout-flow wp-block-quote-is-layout-flow\">\n<p><\/p>\n\n\n\n<p>Certificat Voltaire orient\u00e9<strong> <\/strong><span style=\"color:#045070\" class=\"has-inline-color\"><strong>animateur d<\/strong>&lsquo;<strong>atelier d&rsquo;\u00e9criture<\/strong><\/span> &#8211; Sunshine Formation<\/p>\n\n\n\n<p>Certificat Voltaire orient\u00e9 <strong><span style=\"color:#045070\" class=\"has-inline-color\">biographe<\/span><\/strong> &#8211; Sunshine Formation<\/p>\n\n\n\n<p>Formation d\u2019<strong><span style=\"background-color:rgba(0, 0, 0, 0);color:#045070\" class=\"has-inline-color\">\u00e9crivain public <\/span><\/strong>&#8211; CNFDI (17.10\/20)<\/p>\n\n\n\n<p><strong><span style=\"color:#045070\" class=\"has-inline-color\">Certification Voltaire<\/span><\/strong> : pass\u00e9e en mars 2020, pour vous assurer de la qualit\u00e9 de mon travail. Cette attestation certifie d&rsquo;un niveau de ma\u00eetrise des difficult\u00e9s de la langue fran\u00e7aise (\u00e0 l\u2019\u00e9crit).  J&rsquo;ai obtenu un score de&nbsp;<strong>861 points<\/strong> sur 1000. Vous pouvez v\u00e9rifier l\u2019authenticit\u00e9 de ce certificat sur le site :&nbsp;<a rel=\"noreferrer noopener\" href=\"http:\/\/www.certificat-voltaire.fr\/orthographe-recruteur\" target=\"_blank\">www.certificat-voltaire.fr<\/a>&nbsp;au moyen du code : KYWXHU.<\/p>\n\n\n\n<p><span style=\"background-color:rgba(0, 0, 0, 0);color:#045070\" class=\"has-inline-color\"><strong>MOOC\u00a0<\/strong><\/span>: renforcer ses comp\u00e9tences orthographiques (universit\u00e9 de Caen)<\/p>\n\n\n\n<p><strong><span style=\"color:#045070\" class=\"has-inline-color\">Bac + <\/span><\/strong><span style=\"color:#045070\" class=\"has-inline-color\"><strong>4<\/strong> <\/span>en sciences sociales (universit\u00e9 des lettres Montpellier III).<\/p>\n<\/blockquote>\n<\/div><\/div>\n\n\n<div class=\"wp-block-image is-style-default\">\n<figure class=\"aligncenter size-large\"><img loading=\"lazy\" decoding=\"async\" width=\"43\" height=\"43\" src=\"https:\/\/porte-plume.ovh\/wp-content\/uploads\/2020\/09\/Voltaire.png\" alt=\"\" class=\"wp-image-63\"\/><\/figure>\n<\/div>\n\n<div class=\"wp-block-image is-style-default\">\n<figure class=\"aligncenter size-large is-resized\"><img loading=\"lazy\" decoding=\"async\" width=\"217\" height=\"103\" src=\"https:\/\/porte-plume.ovh\/wp-content\/uploads\/2020\/09\/CNFDI.jpg\" alt=\"\" class=\"wp-image-60\" style=\"width:150px;height:71px\"\/><\/figure>\n<\/div>\n\n<div class=\"wp-block-image is-style-default\">\n<figure class=\"aligncenter size-large is-resized\"><img loading=\"lazy\" decoding=\"async\" width=\"285\" height=\"108\" src=\"https:\/\/porte-plume.ovh\/wp-content\/uploads\/2020\/09\/Image4-1.png\" alt=\"\" class=\"wp-image-64\" style=\"width:214px;height:81px\"\/><\/figure>\n<\/div>\n\n<div class=\"wp-block-image is-style-default\">\n<figure class=\"aligncenter size-large is-resized\"><img loading=\"lazy\" decoding=\"async\" width=\"58\" height=\"64\" src=\"https:\/\/porte-plume.ovh\/wp-content\/uploads\/2020\/09\/P.-Valery-1.jpg\" alt=\"\" class=\"wp-image-65\" style=\"width:76px;height:84px\"\/><\/figure>\n<\/div>\n\n<div class=\"wp-block-image\">\n<figure class=\"aligncenter size-full is-resized\"><img loading=\"lazy\" decoding=\"async\" width=\"937\" height=\"666\" src=\"https:\/\/porte-plume.ovh\/wp-content\/uploads\/2023\/10\/Capture-decran-2023-10-13-155713.png\" alt=\"\" class=\"wp-image-813\" style=\"aspect-ratio:1.406906906906907;width:459px;height:auto\" srcset=\"https:\/\/porte-plume.ovh\/wp-content\/uploads\/2023\/10\/Capture-decran-2023-10-13-155713.png 937w, https:\/\/porte-plume.ovh\/wp-content\/uploads\/2023\/10\/Capture-decran-2023-10-13-155713-300x213.png 300w, https:\/\/porte-plume.ovh\/wp-content\/uploads\/2023\/10\/Capture-decran-2023-10-13-155713-768x546.png 768w\" sizes=\"auto, (max-width: 937px) 100vw, 937px\" \/><\/figure>\n<\/div>\n\n\n<p><\/p>\n\n\n<div class=\"wp-block-image\">\n<figure class=\"aligncenter size-large is-resized\"><img loading=\"lazy\" decoding=\"async\" width=\"300\" height=\"165\" src=\"https:\/\/porte-plume.ovh\/wp-content\/uploads\/2022\/03\/index0.jpg\" alt=\"\" class=\"wp-image-464\" style=\"width:216px;height:119px\"\/><\/figure>\n<\/div>\n\n\n\n\n<h2 class=\"wp-block-heading\"><\/h2>\n","protected":false},"excerpt":{"rendered":"<p class=\"text-justify\">Certificat Voltaire orient\u00e9 animateur d&lsquo;atelier d&rsquo;\u00e9criture &#8211; Sunshine Formation Certificat Voltaire orient\u00e9 biographe &#8211; Sunshine Formation Formation d\u2019\u00e9crivain public &#8211; CNFDI (17.10\/20) [&hellip;]<\/p>\n","protected":false},"author":1,"featured_media":0,"parent":0,"menu_order":0,"comment_status":"closed","ping_status":"closed","template":"","meta":{"footnotes":""},"class_list":["post-59","page","type-page","status-publish","hentry"],"_links":{"self":[{"href":"https:\/\/porte-plume.ovh\/index.php\/wp-json\/wp\/v2\/pages\/59","targetHints":{"allow":["GET"]}}],"collection":[{"href":"https:\/\/porte-plume.ovh\/index.php\/wp-json\/wp\/v2\/pages"}],"about":[{"href":"https:\/\/porte-plume.ovh\/index.php\/wp-json\/wp\/v2\/types\/page"}],"author":[{"embeddable":true,"href":"https:\/\/porte-plume.ovh\/index.php\/wp-json\/wp\/v2\/users\/1"}],"replies":[{"embeddable":true,"href":"https:\/\/porte-plume.ovh\/index.php\/wp-json\/wp\/v2\/comments?post=59"}],"version-history":[{"count":17,"href":"https:\/\/porte-plume.ovh\/index.php\/wp-json\/wp\/v2\/pages\/59\/revisions"}],"predecessor-version":[{"id":856,"href":"https:\/\/porte-plume.ovh\/index.php\/wp-json\/wp\/v2\/pages\/59\/revisions\/856"}],"wp:attachment":[{"href":"https:\/\/porte-plume.ovh\/index.php\/wp-json\/wp\/v2\/media?parent=59"}],"curies":[{"name":"wp","href":"https:\/\/api.w.org\/{rel}","templated":true}]}}