{"id":549,"date":"2022-09-02T10:20:11","date_gmt":"2022-09-02T08:20:11","guid":{"rendered":"http:\/\/porte-plume.ovh\/?page_id=549"},"modified":"2024-06-06T11:05:06","modified_gmt":"2024-06-06T09:05:06","slug":"correspondante-locale-de-presse","status":"publish","type":"page","link":"https:\/\/porte-plume.ovh\/index.php\/correspondante-locale-de-presse\/","title":{"rendered":"CORRESPONDANTE LOCALE DE PRESSE"},"content":{"rendered":"\n<p><strong>Pour le Dauphin\u00e9 Lib\u00e9r\u00e9<\/strong><\/p>\n\n\n\n<p><mark style=\"background-color:rgba(0, 0, 0, 0);color:#045070\" class=\"has-inline-color\">En mars 2021, j&rsquo;ai commenc\u00e9 \u00e0 r\u00e9diger des articles pour la presse locale. Il s&rsquo;agit pour moi d&rsquo;un exercice d&rsquo;\u00e9criture int\u00e9ressant et finalement aussi de rencontres riches en couleurs. <\/mark><\/p>\n\n\n\n<p><mark style=\"background-color:rgba(0, 0, 0, 0);color:#045070\" class=\"has-inline-color\">Cette exp\u00e9rience me permet de gagner en comp\u00e9tences, pour mon activit\u00e9 d&rsquo;\u00e9crivain public, en termes de retranscription (aucune erreur possible, il s&rsquo;agit d&rsquo;information), de communication (flyers ou discours o\u00f9 les \u00e9l\u00e9ments essentiels doivent \u00eatre mis en lumi\u00e8re) &#8230;<\/mark><\/p>\n\n\n\n<p><mark style=\"background-color:rgba(0, 0, 0, 0);color:#045070\" class=\"has-inline-color\">Je vous montre quelques exemples d&rsquo;articles, extrait du journal du Dauphin\u00e9, sur des sujets d\u2019actualit\u00e9 pass\u00e9s pour respecter les droits d&rsquo;auteur du journal.<\/mark><\/p>\n\n\n<div class=\"wp-block-image\">\n<figure class=\"aligncenter size-full\"><img loading=\"lazy\" decoding=\"async\" width=\"512\" height=\"550\" src=\"https:\/\/porte-plume.ovh\/wp-content\/uploads\/2024\/06\/Article-water-conasse.jpg\" alt=\"\" class=\"wp-image-909\" srcset=\"https:\/\/porte-plume.ovh\/wp-content\/uploads\/2024\/06\/Article-water-conasse.jpg 512w, https:\/\/porte-plume.ovh\/wp-content\/uploads\/2024\/06\/Article-water-conasse-279x300.jpg 279w\" sizes=\"auto, (max-width: 512px) 100vw, 512px\" \/><\/figure>\n<\/div>\n\n<div class=\"wp-block-image\">\n<figure class=\"aligncenter size-full is-resized\"><img loading=\"lazy\" decoding=\"async\" width=\"418\" height=\"610\" src=\"https:\/\/porte-plume.ovh\/wp-content\/uploads\/2024\/01\/Capture-decran-2024-01-05-092317.png\" alt=\"\" class=\"wp-image-858\" style=\"aspect-ratio:0.6852459016393443;width:510px;height:auto\" srcset=\"https:\/\/porte-plume.ovh\/wp-content\/uploads\/2024\/01\/Capture-decran-2024-01-05-092317.png 418w, https:\/\/porte-plume.ovh\/wp-content\/uploads\/2024\/01\/Capture-decran-2024-01-05-092317-206x300.png 206w\" sizes=\"auto, (max-width: 418px) 100vw, 418px\" \/><\/figure>\n<\/div>\n\n<div class=\"wp-block-image\">\n<figure class=\"aligncenter size-full is-resized\"><img loading=\"lazy\" decoding=\"async\" width=\"553\" height=\"850\" src=\"https:\/\/porte-plume.ovh\/wp-content\/uploads\/2023\/11\/399813636_1477360306330208_7853740506416149251_n.jpg\" alt=\"\" class=\"wp-image-829\" style=\"aspect-ratio:0.6505882352941177;width:523px;height:auto\" srcset=\"https:\/\/porte-plume.ovh\/wp-content\/uploads\/2023\/11\/399813636_1477360306330208_7853740506416149251_n.jpg 553w, https:\/\/porte-plume.ovh\/wp-content\/uploads\/2023\/11\/399813636_1477360306330208_7853740506416149251_n-195x300.jpg 195w\" sizes=\"auto, (max-width: 553px) 100vw, 553px\" \/><\/figure>\n<\/div>\n\n<div class=\"wp-block-image\">\n<figure class=\"aligncenter size-large is-resized\"><img loading=\"lazy\" decoding=\"async\" width=\"1024\" height=\"920\" src=\"https:\/\/porte-plume.ovh\/wp-content\/uploads\/2023\/07\/342399034_761445465362095_1791507905046120288_-1024x920.jpg\" alt=\"\" class=\"wp-image-769\" style=\"aspect-ratio:1.1142098273572376;width:513px;height:auto\" srcset=\"https:\/\/porte-plume.ovh\/wp-content\/uploads\/2023\/07\/342399034_761445465362095_1791507905046120288_-1024x920.jpg 1024w, https:\/\/porte-plume.ovh\/wp-content\/uploads\/2023\/07\/342399034_761445465362095_1791507905046120288_-300x270.jpg 300w, https:\/\/porte-plume.ovh\/wp-content\/uploads\/2023\/07\/342399034_761445465362095_1791507905046120288_-768x690.jpg 768w, https:\/\/porte-plume.ovh\/wp-content\/uploads\/2023\/07\/342399034_761445465362095_1791507905046120288_-1536x1380.jpg 1536w, https:\/\/porte-plume.ovh\/wp-content\/uploads\/2023\/07\/342399034_761445465362095_1791507905046120288_-90x80.jpg 90w, https:\/\/porte-plume.ovh\/wp-content\/uploads\/2023\/07\/342399034_761445465362095_1791507905046120288_.jpg 2048w\" sizes=\"auto, (max-width: 1024px) 100vw, 1024px\" \/><figcaption class=\"wp-element-caption\">Article \/ Mai 2023<\/figcaption><\/figure>\n<\/div>\n\n\n<p><\/p>\n\n\n<div class=\"wp-block-image\">\n<figure class=\"aligncenter size-large is-resized\"><img loading=\"lazy\" decoding=\"async\" width=\"1024\" height=\"840\" src=\"https:\/\/porte-plume.ovh\/wp-content\/uploads\/2022\/09\/Article-150822-art-brut-1-1024x840.jpg\" alt=\"\" class=\"wp-image-565\" style=\"aspect-ratio:1.2190476190476192;width:550px;height:auto\" srcset=\"https:\/\/porte-plume.ovh\/wp-content\/uploads\/2022\/09\/Article-150822-art-brut-1-1024x840.jpg 1024w, https:\/\/porte-plume.ovh\/wp-content\/uploads\/2022\/09\/Article-150822-art-brut-1-300x246.jpg 300w, https:\/\/porte-plume.ovh\/wp-content\/uploads\/2022\/09\/Article-150822-art-brut-1-768x630.jpg 768w, https:\/\/porte-plume.ovh\/wp-content\/uploads\/2022\/09\/Article-150822-art-brut-1.jpg 1227w\" sizes=\"auto, (max-width: 1024px) 100vw, 1024px\" \/><figcaption class=\"wp-element-caption\">Article sur un salon d&rsquo;art \/ Ao\u00fbt 2022<\/figcaption><\/figure>\n<\/div>\n\n<div class=\"wp-block-image\">\n<figure class=\"aligncenter size-large is-resized\"><img loading=\"lazy\" decoding=\"async\" width=\"1024\" height=\"461\" src=\"https:\/\/porte-plume.ovh\/wp-content\/uploads\/2022\/09\/302296024_2335528779929738_1402780379430137609_n-1024x461.jpg\" alt=\"\" class=\"wp-image-556\" style=\"aspect-ratio:2.2212581344902387;width:702px;height:auto\" srcset=\"https:\/\/porte-plume.ovh\/wp-content\/uploads\/2022\/09\/302296024_2335528779929738_1402780379430137609_n-1024x461.jpg 1024w, https:\/\/porte-plume.ovh\/wp-content\/uploads\/2022\/09\/302296024_2335528779929738_1402780379430137609_n-300x135.jpg 300w, https:\/\/porte-plume.ovh\/wp-content\/uploads\/2022\/09\/302296024_2335528779929738_1402780379430137609_n-768x346.jpg 768w, https:\/\/porte-plume.ovh\/wp-content\/uploads\/2022\/09\/302296024_2335528779929738_1402780379430137609_n-1536x691.jpg 1536w, https:\/\/porte-plume.ovh\/wp-content\/uploads\/2022\/09\/302296024_2335528779929738_1402780379430137609_n-2048x922.jpg 2048w\" sizes=\"auto, (max-width: 1024px) 100vw, 1024px\" \/><figcaption class=\"wp-element-caption\">Article sur un projet Trek&rsquo;in \/ Juin 2022<\/figcaption><\/figure>\n<\/div>\n\n<div class=\"wp-block-image\">\n<figure class=\"aligncenter size-large\"><img loading=\"lazy\" decoding=\"async\" width=\"461\" height=\"1024\" src=\"https:\/\/porte-plume.ovh\/wp-content\/uploads\/2022\/09\/304951267_1361553531039085_4622685185253392783_n-461x1024.jpg\" alt=\"\" class=\"wp-image-555\" srcset=\"https:\/\/porte-plume.ovh\/wp-content\/uploads\/2022\/09\/304951267_1361553531039085_4622685185253392783_n-461x1024.jpg 461w, https:\/\/porte-plume.ovh\/wp-content\/uploads\/2022\/09\/304951267_1361553531039085_4622685185253392783_n-135x300.jpg 135w, https:\/\/porte-plume.ovh\/wp-content\/uploads\/2022\/09\/304951267_1361553531039085_4622685185253392783_n-768x1707.jpg 768w, https:\/\/porte-plume.ovh\/wp-content\/uploads\/2022\/09\/304951267_1361553531039085_4622685185253392783_n-691x1536.jpg 691w, https:\/\/porte-plume.ovh\/wp-content\/uploads\/2022\/09\/304951267_1361553531039085_4622685185253392783_n-922x2048.jpg 922w, https:\/\/porte-plume.ovh\/wp-content\/uploads\/2022\/09\/304951267_1361553531039085_4622685185253392783_n.jpg 1080w\" sizes=\"auto, (max-width: 461px) 100vw, 461px\" \/><figcaption class=\"wp-element-caption\">Article sur un auteur \/ Mai 2022<\/figcaption><\/figure>\n<\/div>\n\n\n<p><\/p>\n","protected":false},"excerpt":{"rendered":"<p class=\"text-justify\">Pour le Dauphin\u00e9 Lib\u00e9r\u00e9 En mars 2021, j&rsquo;ai commenc\u00e9 \u00e0 r\u00e9diger des articles pour la presse locale. Il s&rsquo;agit pour moi d&rsquo;un [&hellip;]<\/p>\n","protected":false},"author":1,"featured_media":0,"parent":0,"menu_order":0,"comment_status":"closed","ping_status":"closed","template":"","meta":{"footnotes":""},"class_list":["post-549","page","type-page","status-publish","hentry"],"_links":{"self":[{"href":"https:\/\/porte-plume.ovh\/index.php\/wp-json\/wp\/v2\/pages\/549","targetHints":{"allow":["GET"]}}],"collection":[{"href":"https:\/\/porte-plume.ovh\/index.php\/wp-json\/wp\/v2\/pages"}],"about":[{"href":"https:\/\/porte-plume.ovh\/index.php\/wp-json\/wp\/v2\/types\/page"}],"author":[{"embeddable":true,"href":"https:\/\/porte-plume.ovh\/index.php\/wp-json\/wp\/v2\/users\/1"}],"replies":[{"embeddable":true,"href":"https:\/\/porte-plume.ovh\/index.php\/wp-json\/wp\/v2\/comments?post=549"}],"version-history":[{"count":14,"href":"https:\/\/porte-plume.ovh\/index.php\/wp-json\/wp\/v2\/pages\/549\/revisions"}],"predecessor-version":[{"id":910,"href":"https:\/\/porte-plume.ovh\/index.php\/wp-json\/wp\/v2\/pages\/549\/revisions\/910"}],"wp:attachment":[{"href":"https:\/\/porte-plume.ovh\/index.php\/wp-json\/wp\/v2\/media?parent=549"}],"curies":[{"name":"wp","href":"https:\/\/api.w.org\/{rel}","templated":true}]}}