{"id":53,"date":"2020-09-15T10:19:13","date_gmt":"2020-09-15T08:19:13","guid":{"rendered":"http:\/\/porte-plume.ovh\/?page_id=53"},"modified":"2023-09-21T09:43:23","modified_gmt":"2023-09-21T07:43:23","slug":"mes-realisations","status":"publish","type":"page","link":"https:\/\/porte-plume.ovh\/index.php\/mes-realisations\/","title":{"rendered":"MES REALISATIONS"},"content":{"rendered":"\n<p>Quelques exemples de travaux r\u00e9alis\u00e9s\u00a0: discours, lettre, compte-rendu, etc.<\/p>\n\n\n<div class=\"wp-block-image\">\n<figure class=\"aligncenter size-large is-resized\"><img loading=\"lazy\" decoding=\"async\" src=\"https:\/\/porte-plume.ovh\/wp-content\/uploads\/2023\/09\/CV-724x1024.jpg\" alt=\"\" class=\"wp-image-791\" style=\"width:556px;height:786px\" width=\"556\" height=\"786\" srcset=\"https:\/\/porte-plume.ovh\/wp-content\/uploads\/2023\/09\/CV-724x1024.jpg 724w, https:\/\/porte-plume.ovh\/wp-content\/uploads\/2023\/09\/CV-212x300.jpg 212w, https:\/\/porte-plume.ovh\/wp-content\/uploads\/2023\/09\/CV-768x1086.jpg 768w, https:\/\/porte-plume.ovh\/wp-content\/uploads\/2023\/09\/CV-1086x1536.jpg 1086w, https:\/\/porte-plume.ovh\/wp-content\/uploads\/2023\/09\/CV.jpg 1414w\" sizes=\"auto, (max-width: 556px) 100vw, 556px\" \/><figcaption class=\"wp-element-caption\"><mark style=\"background-color:rgba(0, 0, 0, 0);color:#0071a1\" class=\"has-inline-color\">SEPT 2023 : Derni\u00e8rement, on m&rsquo;a demand\u00e9 un mod\u00e8le de CV. Une occasion de le remettre \u00e0 jour<\/mark>.<\/figcaption><\/figure>\n<\/div>\n\n\n<p><\/p>\n\n\n\n<h5 class=\"wp-block-heading\">DISCOURS D\u2019ACCUEIL A UN LOTO ASSOCIATIF<\/h5>\n\n\n\n<figure class=\"wp-block-image size-large is-style-default\"><img loading=\"lazy\" decoding=\"async\" width=\"571\" height=\"636\" src=\"https:\/\/porte-plume.ovh\/wp-content\/uploads\/2020\/09\/dicours-loto.png\" alt=\"\" class=\"wp-image-54\" srcset=\"https:\/\/porte-plume.ovh\/wp-content\/uploads\/2020\/09\/dicours-loto.png 571w, https:\/\/porte-plume.ovh\/wp-content\/uploads\/2020\/09\/dicours-loto-269x300.png 269w\" sizes=\"auto, (max-width: 571px) 100vw, 571px\" \/><\/figure>\n\n\n\n<h5 class=\"wp-block-heading\">COURRIER ENTREPRISE<\/h5>\n\n\n\n<figure class=\"wp-block-image size-large is-resized is-style-default\"><img loading=\"lazy\" decoding=\"async\" src=\"https:\/\/porte-plume.ovh\/wp-content\/uploads\/2020\/09\/ex-lettre.png\" alt=\"\" class=\"wp-image-150\" style=\"width:574px;height:861px\" width=\"574\" height=\"861\" srcset=\"https:\/\/porte-plume.ovh\/wp-content\/uploads\/2020\/09\/ex-lettre.png 452w, https:\/\/porte-plume.ovh\/wp-content\/uploads\/2020\/09\/ex-lettre-200x300.png 200w\" sizes=\"auto, (max-width: 574px) 100vw, 574px\" \/><\/figure>\n\n\n\n<h6 class=\"wp-block-heading\"><\/h6>\n\n\n\n<h5 class=\"wp-block-heading\">SYNTH\u00c8SE DE DOCUMENT : risque d&rsquo;inondation&#8230;<\/h5>\n\n\n\n<div class=\"wp-block-group\"><div class=\"wp-block-group__inner-container is-layout-flow wp-block-group-is-layout-flow\"><div class=\"wp-block-image is-style-default\">\n<figure class=\"aligncenter size-large is-resized\"><img loading=\"lazy\" decoding=\"async\" src=\"https:\/\/porte-plume.ovh\/wp-content\/uploads\/2020\/09\/synthese1.png\" alt=\"\" class=\"wp-image-153\" style=\"width:410px;height:586px\" width=\"410\" height=\"586\" srcset=\"https:\/\/porte-plume.ovh\/wp-content\/uploads\/2020\/09\/synthese1.png 440w, https:\/\/porte-plume.ovh\/wp-content\/uploads\/2020\/09\/synthese1-210x300.png 210w\" sizes=\"auto, (max-width: 410px) 100vw, 410px\" \/><\/figure>\n<\/div><\/div><\/div>\n\n\n<div class=\"wp-block-image is-style-default\">\n<figure class=\"aligncenter size-large is-resized\"><a href=\"https:\/\/porte-plume.ovh\/index.php\/mes-realisations\/synthese2\/\"><img loading=\"lazy\" decoding=\"async\" src=\"https:\/\/porte-plume.ovh\/wp-content\/uploads\/2020\/09\/synthese2.png\" alt=\"\" class=\"wp-image-155\" style=\"width:425px;height:657px\" width=\"425\" height=\"657\" srcset=\"https:\/\/porte-plume.ovh\/wp-content\/uploads\/2020\/09\/synthese2.png 467w, https:\/\/porte-plume.ovh\/wp-content\/uploads\/2020\/09\/synthese2-194x300.png 194w\" sizes=\"auto, (max-width: 425px) 100vw, 425px\" \/><\/a><\/figure>\n<\/div>\n\n<div class=\"wp-block-image is-style-default\">\n<figure class=\"aligncenter size-large is-resized\"><img loading=\"lazy\" decoding=\"async\" src=\"https:\/\/porte-plume.ovh\/wp-content\/uploads\/2020\/09\/synthese3-1.png\" alt=\"\" class=\"wp-image-166\" style=\"width:434px;height:676px\" width=\"434\" height=\"676\" srcset=\"https:\/\/porte-plume.ovh\/wp-content\/uploads\/2020\/09\/synthese3-1.png 465w, https:\/\/porte-plume.ovh\/wp-content\/uploads\/2020\/09\/synthese3-1-192x300.png 192w\" sizes=\"auto, (max-width: 434px) 100vw, 434px\" \/><\/figure>\n<\/div>\n\n\n<div class=\"wp-block-group alignfull\"><div class=\"wp-block-group__inner-container is-layout-flow wp-block-group-is-layout-flow\"><div class=\"wp-block-image is-style-default\">\n<figure class=\"aligncenter size-large is-resized\"><img loading=\"lazy\" decoding=\"async\" src=\"https:\/\/porte-plume.ovh\/wp-content\/uploads\/2020\/09\/synthese4.png\" alt=\"\" class=\"wp-image-157\" style=\"width:458px;height:698px\" width=\"458\" height=\"698\" srcset=\"https:\/\/porte-plume.ovh\/wp-content\/uploads\/2020\/09\/synthese4.png 463w, https:\/\/porte-plume.ovh\/wp-content\/uploads\/2020\/09\/synthese4-197x300.png 197w\" sizes=\"auto, (max-width: 458px) 100vw, 458px\" \/><\/figure>\n<\/div>\n\n<div class=\"wp-block-image is-style-default\">\n<figure class=\"aligncenter size-large\"><img loading=\"lazy\" decoding=\"async\" width=\"468\" height=\"243\" src=\"https:\/\/porte-plume.ovh\/wp-content\/uploads\/2020\/09\/synthese5.png\" alt=\"\" class=\"wp-image-158\" srcset=\"https:\/\/porte-plume.ovh\/wp-content\/uploads\/2020\/09\/synthese5.png 468w, https:\/\/porte-plume.ovh\/wp-content\/uploads\/2020\/09\/synthese5-300x156.png 300w\" sizes=\"auto, (max-width: 468px) 100vw, 468px\" \/><\/figure>\n<\/div>\n\n\n<p><\/p>\n<\/div><\/div>\n","protected":false},"excerpt":{"rendered":"<p class=\"text-justify\">Quelques exemples de travaux r\u00e9alis\u00e9s\u00a0: discours, lettre, compte-rendu, etc. DISCOURS D\u2019ACCUEIL A UN LOTO ASSOCIATIF COURRIER ENTREPRISE SYNTH\u00c8SE DE DOCUMENT : risque [&hellip;]<\/p>\n","protected":false},"author":1,"featured_media":0,"parent":0,"menu_order":0,"comment_status":"closed","ping_status":"closed","template":"","meta":{"footnotes":""},"class_list":["post-53","page","type-page","status-publish","hentry"],"_links":{"self":[{"href":"https:\/\/porte-plume.ovh\/index.php\/wp-json\/wp\/v2\/pages\/53","targetHints":{"allow":["GET"]}}],"collection":[{"href":"https:\/\/porte-plume.ovh\/index.php\/wp-json\/wp\/v2\/pages"}],"about":[{"href":"https:\/\/porte-plume.ovh\/index.php\/wp-json\/wp\/v2\/types\/page"}],"author":[{"embeddable":true,"href":"https:\/\/porte-plume.ovh\/index.php\/wp-json\/wp\/v2\/users\/1"}],"replies":[{"embeddable":true,"href":"https:\/\/porte-plume.ovh\/index.php\/wp-json\/wp\/v2\/comments?post=53"}],"version-history":[{"count":13,"href":"https:\/\/porte-plume.ovh\/index.php\/wp-json\/wp\/v2\/pages\/53\/revisions"}],"predecessor-version":[{"id":796,"href":"https:\/\/porte-plume.ovh\/index.php\/wp-json\/wp\/v2\/pages\/53\/revisions\/796"}],"wp:attachment":[{"href":"https:\/\/porte-plume.ovh\/index.php\/wp-json\/wp\/v2\/media?parent=53"}],"curies":[{"name":"wp","href":"https:\/\/api.w.org\/{rel}","templated":true}]}}