{"id":48,"date":"2020-09-15T09:55:02","date_gmt":"2020-09-15T07:55:02","guid":{"rendered":"http:\/\/porte-plume.ovh\/?page_id=48"},"modified":"2023-09-21T15:17:37","modified_gmt":"2023-09-21T13:17:37","slug":"les-prestations","status":"publish","type":"page","link":"https:\/\/porte-plume.ovh\/index.php\/les-prestations\/","title":{"rendered":"MES PRESTATIONS"},"content":{"rendered":"\n<h2 class=\"wp-block-heading has-text-color\" style=\"color:#045070\">Aide r\u00e9dactionnelle aux particuliers<\/h2>\n\n\n\n<div class=\"wp-block-group\"><div class=\"wp-block-group__inner-container is-layout-flow wp-block-group-is-layout-flow\">\n<p class=\"has-text-color has-medium-font-size\" style=\"color:#045070\">Pour chacun de nous, certains \u00e9v\u00e9nements de la vie, certaines circonstances du quotidien motivent le recours aux comp\u00e9tences r\u00e9dactionnelles d\u2019un sp\u00e9cialiste, et justifient la pertinence d\u2019un conseil en \u00e9criture.<\/p>\n\n\n\n<blockquote class=\"wp-block-quote is-layout-flow wp-block-quote-is-layout-flow\">\n<p><span style=\"background-color:rgba(0, 0, 0, 0);color:#045070\" class=\"has-inline-color\">R\u00e9daction de lettres personnelles ou professionnelles<\/span><\/p>\n\n\n\n<p><span style=\"background-color:rgba(0, 0, 0, 0);color:#045070\" class=\"has-inline-color\">Accompagnement administratif &amp; aide sociale<\/span><\/p>\n\n\n\n<p><span style=\"background-color:rgba(0, 0, 0, 0);color:#045070\" class=\"has-inline-color\">Soutien num\u00e9rique<\/span><\/p>\n\n\n\n<p><span style=\"background-color:rgba(0, 0, 0, 0);color:#045070\" class=\"has-inline-color\">R\u00e9cit de vie<\/span><\/p>\n\n\n\n<p><span style=\"background-color:rgba(0, 0, 0, 0);color:#045070\" class=\"has-inline-color\">Aide \u00e0 la recherche d\u2019emploi\u00a0: CV et lettre de motivation<\/span><\/p>\n\n\n\n<p><span style=\"background-color:rgba(0, 0, 0, 0);color:#045070\" class=\"has-inline-color\">Relecture et correction de vos \u00e9crits<\/span><\/p>\n\n\n\n<p><span style=\"background-color:rgba(0, 0, 0, 0);color:#045070\" class=\"has-inline-color\">\u00c9criture de discours, hommage, v\u0153ux<\/span><\/p>\n<\/blockquote>\n\n\n\n<p><\/p>\n<\/div><\/div>\n\n\n\n<h2 class=\"wp-block-heading has-text-color\" style=\"color:#045070\">R\u00e9dactrice \u00e0 l&rsquo;\u00e9coute des entreprises<\/h2>\n\n\n\n<p class=\"has-text-color has-medium-font-size\" style=\"color:#045070\">Pour vous, acteurs de la vie sociale et \u00e9conomique, du monde culturel, du secteur priv\u00e9 ou du secteur public&#8230; je propose une palette de prestations r\u00e9dactionnelles personnalis\u00e9es et adapt\u00e9es \u00e0 votre probl\u00e9matique<\/p>\n\n\n\n<blockquote class=\"wp-block-quote is-layout-flow wp-block-quote-is-layout-flow\">\n<p><span style=\"background-color:rgba(0, 0, 0, 0);color:#045070\" class=\"has-inline-color\">Courriers clients et fournisseurs<\/span><\/p>\n\n\n\n<p><span style=\"background-color:rgba(0, 0, 0, 0);color:#045070\" class=\"has-inline-color\">Courriers administratifs, recours<\/span><\/p>\n\n\n\n<p><span style=\"background-color:rgba(0, 0, 0, 0);color:#045070\" class=\"has-inline-color\">R\u00e9daction de vos comptes-rendus, proc\u00e8s-verbaux, discours, synth\u00e8ses, lettre d\u2019information<\/span><\/p>\n\n\n\n<p><span style=\"background-color:rgba(0, 0, 0, 0);color:#045070\" class=\"has-inline-color\">Cr\u00e9ation de plaquette publicitaire<\/span><\/p>\n\n\n\n<p><span style=\"background-color:rgba(0, 0, 0, 0);color:#045070\" class=\"has-inline-color\">R\u00e9daction site internet <\/span><\/p>\n\n\n\n<p><span style=\"background-color:rgba(0, 0, 0, 0);color:#045070\" class=\"has-inline-color\">Mailing<\/span><\/p>\n<\/blockquote>\n\n\n\n<h2 class=\"wp-block-heading has-text-color\" style=\"color:#045070\">Intervention aupr\u00e8s de collectivit\u00e9s<\/h2>\n\n\n\n<blockquote class=\"wp-block-quote is-layout-flow wp-block-quote-is-layout-flow\">\n<p><span style=\"background-color:rgba(0, 0, 0, 0);color:#045070\" class=\"has-inline-color\">Permanences d\u2019\u00e9crivain public<\/span><\/p>\n\n\n\n<p><span style=\"background-color:rgba(0, 0, 0, 0);color:#045070\" class=\"has-inline-color\">Acc\u00e8s aux droits<\/span><\/p>\n\n\n\n<p><span style=\"background-color:rgba(0, 0, 0, 0);color:#045070\" class=\"has-inline-color\">Ateliers collectifs sur des th\u00e8mes de gestion administrative<\/span><\/p>\n\n\n\n<p><span style=\"background-color:rgba(0, 0, 0, 0);color:#045070\" class=\"has-inline-color\">Ateliers d\u2019\u00e9criture (\u00e9galement possible dans la cadre priv\u00e9 ou professionnel)<\/span> <\/p>\n<\/blockquote>\n","protected":false},"excerpt":{"rendered":"<p class=\"text-justify\">Aide r\u00e9dactionnelle aux particuliers Pour chacun de nous, certains \u00e9v\u00e9nements de la vie, certaines circonstances du quotidien motivent le recours aux comp\u00e9tences [&hellip;]<\/p>\n","protected":false},"author":1,"featured_media":0,"parent":0,"menu_order":0,"comment_status":"closed","ping_status":"closed","template":"","meta":{"footnotes":""},"class_list":["post-48","page","type-page","status-publish","hentry"],"_links":{"self":[{"href":"https:\/\/porte-plume.ovh\/index.php\/wp-json\/wp\/v2\/pages\/48","targetHints":{"allow":["GET"]}}],"collection":[{"href":"https:\/\/porte-plume.ovh\/index.php\/wp-json\/wp\/v2\/pages"}],"about":[{"href":"https:\/\/porte-plume.ovh\/index.php\/wp-json\/wp\/v2\/types\/page"}],"author":[{"embeddable":true,"href":"https:\/\/porte-plume.ovh\/index.php\/wp-json\/wp\/v2\/users\/1"}],"replies":[{"embeddable":true,"href":"https:\/\/porte-plume.ovh\/index.php\/wp-json\/wp\/v2\/comments?post=48"}],"version-history":[{"count":11,"href":"https:\/\/porte-plume.ovh\/index.php\/wp-json\/wp\/v2\/pages\/48\/revisions"}],"predecessor-version":[{"id":808,"href":"https:\/\/porte-plume.ovh\/index.php\/wp-json\/wp\/v2\/pages\/48\/revisions\/808"}],"wp:attachment":[{"href":"https:\/\/porte-plume.ovh\/index.php\/wp-json\/wp\/v2\/media?parent=48"}],"curies":[{"name":"wp","href":"https:\/\/api.w.org\/{rel}","templated":true}]}}