{"id":42,"date":"2020-09-15T09:42:54","date_gmt":"2020-09-15T07:42:54","guid":{"rendered":"http:\/\/porte-plume.ovh\/?page_id=42"},"modified":"2023-06-22T09:41:36","modified_gmt":"2023-06-22T07:41:36","slug":"porte-plume-se-raconte","status":"publish","type":"page","link":"https:\/\/porte-plume.ovh\/","title":{"rendered":"PORTE-PLUME SE RACONTE :"},"content":{"rendered":"\n<h2 class=\"wp-block-heading\">Un \u00e9crivain public en Ard\u00e8che, Dr\u00f4me et&#8230; en France.<\/h2>\n\n\n\n<p><\/p>\n\n\n\n<figure class=\"wp-block-image size-large is-resized is-style-default\"><img loading=\"lazy\" decoding=\"async\" src=\"https:\/\/porte-plume.ovh\/wp-content\/uploads\/2021\/04\/158285177_2846555728932916_4743101111219282546_n-1024x766.jpg\" alt=\"\" class=\"wp-image-333\" width=\"278\" height=\"192\"\/><figcaption class=\"wp-element-caption\">Marie-Laure Paris Pereira <br>Porte-plume \u00e9crivain public<\/figcaption><\/figure>\n\n\n\n<div class=\"wp-block-group\"><div class=\"wp-block-group__inner-container is-layout-flow wp-block-group-is-layout-flow\">\n<p class=\"has-text-align-left has-text-color has-medium-font-size\" style=\"color:#045070\"><strong>Travailleur social <\/strong>depuis plusieurs ann\u00e9es,  je me tourne  vers l\u2019\u00e9criture afin de proposer, gr\u00e2ce ma connaissance des dispositifs et des institutions, une aide pour r\u00e9soudre des difficult\u00e9s administratives et\/ou r\u00e9dactionnelles. <br>Je suis aupr\u00e8s de vous, pour vous r\u00e9concilier avec l\u2019administratif, vous soulager de certaines formalit\u00e9s ingrates, vous faciliter l\u2019acc\u00e8s au monde num\u00e9rique, vous assister dans la r\u00e9daction de divers courriers.<\/p>\n\n\n\n<p class=\"has-text-align-left has-text-color has-medium-font-size\" style=\"color:#045070\">En tant qu\u2019<strong>\u00e9crivain public<\/strong>, je souhaite vous accompagner dans vos projets d\u2019\u00e9criture, en vous proposant un document enti\u00e8rement personnalis\u00e9 et adapt\u00e9 \u00e0 vos besoins.<\/p>\n\n\n\n<p class=\"has-text-align-left has-text-color has-medium-font-size\" style=\"color:#045070\">Je vous accompagne dans vos d\u00e9marches administratives (lors des permanences sociales financ\u00e9es par les collectivit\u00e9s et associations et gratuites ou au cabinet), tous vos \u00e9crits (r\u00e9daction, correction, r\u00e9\u00e9criture), la retranscription de votre r\u00e9cit de vie. Et j&rsquo;anime des ateliers d&rsquo;\u00e9criture cr\u00e9atifs et ludiques. <\/p>\n\n\n\n<div class=\"wp-block-group\"><div class=\"wp-block-group__inner-container is-layout-flow wp-block-group-is-layout-flow\">\n<p class=\"has-text-align-left has-text-color has-medium-font-size\" style=\"color:#045070\"><mark style=\"background-color:rgba(0, 0, 0, 0);color:#045070\" class=\"has-inline-color\">Ce m\u00e9tier\u00a0permet une incroyable diversit\u00e9 de contacts humains<\/mark> <mark style=\"background-color:rgba(0, 0, 0, 0);color:#045070\" class=\"has-inline-color\"> et me demande une grande \u00e9coute pour pouvoir comprendre et retranscrire la pens\u00e9e d\u2019autrui avec des mots que ce dernier aurait pu \u00e9crire lui-m\u00eame.<\/mark><\/p>\n\n\n\n<p class=\"has-text-align-left has-text-color has-medium-font-size\" style=\"color:#045070\"><mark style=\"background-color:rgba(0, 0, 0, 0);color:#045070\" class=\"has-inline-color\">Je suis \u00e0 Rochemaure, un village d&rsquo;Ard\u00e8che, dans la Vall\u00e9e du Rh\u00f4ne<\/mark>, \u00e0 proximit\u00e9 de Mont\u00e9limar (Dr\u00f4me). J&rsquo;interviens en Ard\u00e8che, dans la Dr\u00f4me et partout en France (visio, t\u00e9l\u00e9phone, mail&#8230;).<\/p>\n<\/div><\/div>\n<\/div><\/div>\n\n\n\n<p class=\"has-text-align-center has-text-color has-medium-font-size\" style=\"color:#045070\">                    Marie-Laure PARIS PEREIRA<\/p>\n\n\n\n<p><\/p>\n\n\n\n<p class=\"has-huge-font-size\"><\/p>\n\n\n<div class=\"wp-block-image is-style-default\">\n<figure class=\"aligncenter size-full is-resized\"><img loading=\"lazy\" decoding=\"async\" src=\"https:\/\/porte-plume.ovh\/wp-content\/uploads\/2021\/01\/Logo-dore-nom.png\" alt=\"\" class=\"wp-image-258\" width=\"279\" height=\"279\" srcset=\"https:\/\/porte-plume.ovh\/wp-content\/uploads\/2021\/01\/Logo-dore-nom.png 394w, https:\/\/porte-plume.ovh\/wp-content\/uploads\/2021\/01\/Logo-dore-nom-300x300.png 300w, https:\/\/porte-plume.ovh\/wp-content\/uploads\/2021\/01\/Logo-dore-nom-150x150.png 150w\" sizes=\"auto, (max-width: 279px) 100vw, 279px\" \/><\/figure>\n<\/div>","protected":false},"excerpt":{"rendered":"<p class=\"text-justify\">Un \u00e9crivain public en Ard\u00e8che, Dr\u00f4me et&#8230; en France. Travailleur social depuis plusieurs ann\u00e9es, je me tourne vers l\u2019\u00e9criture afin de proposer, [&hellip;]<\/p>\n","protected":false},"author":1,"featured_media":0,"parent":0,"menu_order":0,"comment_status":"open","ping_status":"closed","template":"","meta":{"footnotes":""},"class_list":["post-42","page","type-page","status-publish","hentry"],"_links":{"self":[{"href":"https:\/\/porte-plume.ovh\/index.php\/wp-json\/wp\/v2\/pages\/42","targetHints":{"allow":["GET"]}}],"collection":[{"href":"https:\/\/porte-plume.ovh\/index.php\/wp-json\/wp\/v2\/pages"}],"about":[{"href":"https:\/\/porte-plume.ovh\/index.php\/wp-json\/wp\/v2\/types\/page"}],"author":[{"embeddable":true,"href":"https:\/\/porte-plume.ovh\/index.php\/wp-json\/wp\/v2\/users\/1"}],"replies":[{"embeddable":true,"href":"https:\/\/porte-plume.ovh\/index.php\/wp-json\/wp\/v2\/comments?post=42"}],"version-history":[{"count":20,"href":"https:\/\/porte-plume.ovh\/index.php\/wp-json\/wp\/v2\/pages\/42\/revisions"}],"predecessor-version":[{"id":748,"href":"https:\/\/porte-plume.ovh\/index.php\/wp-json\/wp\/v2\/pages\/42\/revisions\/748"}],"wp:attachment":[{"href":"https:\/\/porte-plume.ovh\/index.php\/wp-json\/wp\/v2\/media?parent=42"}],"curies":[{"name":"wp","href":"https:\/\/api.w.org\/{rel}","templated":true}]}}