{"id":32,"date":"2020-09-15T09:36:01","date_gmt":"2020-09-15T07:36:01","guid":{"rendered":"http:\/\/porte-plume.ovh\/?page_id=32"},"modified":"2020-09-17T09:31:40","modified_gmt":"2020-09-17T07:31:40","slug":"un-ecrivain-public-a-vos-cotes","status":"publish","type":"page","link":"https:\/\/porte-plume.ovh\/index.php\/un-ecrivain-public-a-vos-cotes\/","title":{"rendered":"UN \u00c9CRIVAIN PUBLIC A VOS C\u00d4TES !"},"content":{"rendered":"\n<p class=\"has-text-align-center has-text-color has-large-font-size\" style=\"color:#045070\"><strong><span style=\"color:#045070\" class=\"has-inline-color\">R\u00c9DACTION<\/span><\/strong><\/p>\n\n\n\n<p class=\"has-small-font-size\"><\/p>\n\n\n\n<p class=\"has-text-align-center has-medium-font-size\"><span style=\"color:#045070\" class=\"has-inline-color\"><strong>VOUS NE TROUVEZ PAS LES MOTS ?<\/strong> STOP A LA PAGE BLANCHE. AVEC VOS ID\u00c9ES ET VOS DOCUMENTS,<\/span><br><span style=\"color:#045070\" class=\"has-inline-color\"> <strong>J\u2019\u00c9CRIS POUR VOUS !<\/strong><\/span><\/p>\n\n\n\n<p class=\"has-small-font-size\"><\/p>\n\n\n\n<p class=\"has-text-align-center has-text-color has-large-font-size\" style=\"color:#045070\"><strong>CORRECTION<\/strong><\/p>\n\n\n\n<p class=\"has-small-font-size\"><\/p>\n\n\n\n<p class=\"has-text-align-center has-text-color has-medium-font-size\" style=\"color:#045070\">VOUS N\u2019\u00caTES PAS COPAIN AVEC L&rsquo;ORTHOGRAPHE ET <br>AVEZ BESOIN D&rsquo;UN REGARD EXT\u00c9RIEUR SUR VOTRE \u00c9CRIT ?<\/p>\n\n\n\n<p class=\"has-text-align-center has-text-color has-medium-font-size\" style=\"color:#045070\">JE M&rsquo;OCCUPE DE LA RELECTURE ET <br>LA CORRECTION DE VOS TEXTES.<\/p>\n\n\n\n<p class=\"has-small-font-size\"><\/p>\n\n\n\n<h4 class=\"has-text-align-center has-text-color has-large-font-size wp-block-heading\" style=\"color:#045070\"><strong>R\u00c9<\/strong>\u00c9CRITURE<\/h4>\n\n\n\n<p class=\"has-large-font-size\"><\/p>\n\n\n\n<p class=\"has-text-align-center has-text-color has-medium-font-size\" style=\"color:#045070\"><strong>VOS TOURNURES DE PHRASES OU VOTRE STYLE R\u00c9DACTIONNEL NE VOUS SATISFONT PAS ?<\/strong><\/p>\n\n\n\n<p class=\"has-text-align-center has-text-color has-medium-font-size\" style=\"color:#045070\">&nbsp;PARCE QU&rsquo;UN TEXTE FLUIDE EST DAVANTAGE PERCUTANT,<strong> JE REFORMU<\/strong>L<strong>E VOS \u00c9CRITS.<\/strong><\/p>\n\n\n\n<h2 class=\"wp-block-heading\"><\/h2>\n","protected":false},"excerpt":{"rendered":"<p class=\"text-justify\">R\u00c9DACTION VOUS NE TROUVEZ PAS LES MOTS ? STOP A LA PAGE BLANCHE. AVEC VOS ID\u00c9ES ET VOS DOCUMENTS, J\u2019\u00c9CRIS POUR VOUS [&hellip;]<\/p>\n","protected":false},"author":1,"featured_media":0,"parent":0,"menu_order":0,"comment_status":"closed","ping_status":"closed","template":"","meta":{"footnotes":""},"class_list":["post-32","page","type-page","status-publish","hentry"],"_links":{"self":[{"href":"https:\/\/porte-plume.ovh\/index.php\/wp-json\/wp\/v2\/pages\/32","targetHints":{"allow":["GET"]}}],"collection":[{"href":"https:\/\/porte-plume.ovh\/index.php\/wp-json\/wp\/v2\/pages"}],"about":[{"href":"https:\/\/porte-plume.ovh\/index.php\/wp-json\/wp\/v2\/types\/page"}],"author":[{"embeddable":true,"href":"https:\/\/porte-plume.ovh\/index.php\/wp-json\/wp\/v2\/users\/1"}],"replies":[{"embeddable":true,"href":"https:\/\/porte-plume.ovh\/index.php\/wp-json\/wp\/v2\/comments?post=32"}],"version-history":[{"count":12,"href":"https:\/\/porte-plume.ovh\/index.php\/wp-json\/wp\/v2\/pages\/32\/revisions"}],"predecessor-version":[{"id":278,"href":"https:\/\/porte-plume.ovh\/index.php\/wp-json\/wp\/v2\/pages\/32\/revisions\/278"}],"wp:attachment":[{"href":"https:\/\/porte-plume.ovh\/index.php\/wp-json\/wp\/v2\/media?parent=32"}],"curies":[{"name":"wp","href":"https:\/\/api.w.org\/{rel}","templated":true}]}}