{"id":316,"date":"2021-03-23T09:35:05","date_gmt":"2021-03-23T08:35:05","guid":{"rendered":"http:\/\/porte-plume.ovh\/?page_id=316"},"modified":"2024-09-06T11:00:30","modified_gmt":"2024-09-06T09:00:30","slug":"presse","status":"publish","type":"page","link":"https:\/\/porte-plume.ovh\/index.php\/presse\/","title":{"rendered":"PORTE-PLUME DANS LA PRESSE"},"content":{"rendered":"\n<figure class=\"wp-block-audio\"><audio controls src=\"https:\/\/porte-plume.ovh\/wp-content\/uploads\/2024\/09\/France-bleu-3092024.mp3\"><\/audio><figcaption class=\"wp-element-caption\">France Bleu Dr\u00f4me Ard\u00e8che &#8211; 3\/09\/2024<\/figcaption><\/figure>\n\n\n\n<figure class=\"wp-block-video\"><video height=\"478\" style=\"aspect-ratio: 848 \/ 478;\" width=\"848\" controls src=\"https:\/\/porte-plume.ovh\/wp-content\/uploads\/2024\/02\/WhatsApp-Video-2024-02-12-a-13.00.16_7ab797b8.mp4\"><\/video><figcaption class=\"wp-element-caption\">Journal 19\/20 France 3 Rh\u00f4ne Alpes du mardi 23 janvier 2024<\/figcaption><\/figure>\n\n\n<div class=\"wp-block-image\">\n<figure class=\"alignleft size-full\"><img loading=\"lazy\" decoding=\"async\" width=\"526\" height=\"615\" src=\"https:\/\/porte-plume.ovh\/wp-content\/uploads\/2023\/12\/Dauph-Le-Teil-11122023.png\" alt=\"\" class=\"wp-image-844\" srcset=\"https:\/\/porte-plume.ovh\/wp-content\/uploads\/2023\/12\/Dauph-Le-Teil-11122023.png 526w, https:\/\/porte-plume.ovh\/wp-content\/uploads\/2023\/12\/Dauph-Le-Teil-11122023-257x300.png 257w\" sizes=\"auto, (max-width: 526px) 100vw, 526px\" \/><figcaption class=\"wp-element-caption\">Dauphin\u00e9 \/ 11 d\u00e9cembre 2023<\/figcaption><\/figure>\n<\/div>\n\n<div class=\"wp-block-image\">\n<figure class=\"alignright size-large is-resized\"><img loading=\"lazy\" decoding=\"async\" width=\"792\" height=\"1024\" src=\"https:\/\/porte-plume.ovh\/wp-content\/uploads\/2023\/11\/399761925_253075804407268_7458426593794465245_n-792x1024.jpg\" alt=\"\" class=\"wp-image-826\" style=\"aspect-ratio:0.7734375;width:555px;height:auto\" srcset=\"https:\/\/porte-plume.ovh\/wp-content\/uploads\/2023\/11\/399761925_253075804407268_7458426593794465245_n-792x1024.jpg 792w, https:\/\/porte-plume.ovh\/wp-content\/uploads\/2023\/11\/399761925_253075804407268_7458426593794465245_n-232x300.jpg 232w, https:\/\/porte-plume.ovh\/wp-content\/uploads\/2023\/11\/399761925_253075804407268_7458426593794465245_n-768x993.jpg 768w, https:\/\/porte-plume.ovh\/wp-content\/uploads\/2023\/11\/399761925_253075804407268_7458426593794465245_n.jpg 945w\" sizes=\"auto, (max-width: 792px) 100vw, 792px\" \/><figcaption class=\"wp-element-caption\">Dauphin\u00e9 Lib\u00e9r\u00e9 \/ Dimanche 5 novembre 2023<\/figcaption><\/figure>\n<\/div>\n\n\n<figure class=\"wp-block-embed aligncenter is-type-rich is-provider-soundcloud wp-block-embed-soundcloud\"><div class=\"wp-block-embed__wrapper\">\nhttps:\/\/soundcloud.com\/radiom-montelimar-nyons\/quest-ce-que-tu-fais-marie-laure-ecrivain-public?si=3930b274f1c74a04a62204544aae54a8&#038;utm_source=clipboard&#038;utm_medium=text&#038;utm_campaign=social_sharing\n<\/div><figcaption class=\"wp-element-caption\">Interview Radio Micheline \/ novembre 2022<\/figcaption><\/figure>\n\n\n<div class=\"wp-block-image is-resized\">\n<figure class=\"alignleft size-large\"><img loading=\"lazy\" decoding=\"async\" width=\"949\" height=\"810\" src=\"https:\/\/porte-plume.ovh\/wp-content\/uploads\/2022\/09\/308548868_797591501569898_6846100689580654708_n.jpg\" alt=\"\" class=\"wp-image-585\" style=\"aspect-ratio:1.171604938271605;width:655px;height:auto\" srcset=\"https:\/\/porte-plume.ovh\/wp-content\/uploads\/2022\/09\/308548868_797591501569898_6846100689580654708_n.jpg 949w, https:\/\/porte-plume.ovh\/wp-content\/uploads\/2022\/09\/308548868_797591501569898_6846100689580654708_n-300x256.jpg 300w, https:\/\/porte-plume.ovh\/wp-content\/uploads\/2022\/09\/308548868_797591501569898_6846100689580654708_n-768x656.jpg 768w\" sizes=\"auto, (max-width: 949px) 100vw, 949px\" \/><figcaption class=\"wp-element-caption\">DAUPHINE \/ Septembre 2022<\/figcaption><\/figure>\n<\/div>\n\n<div class=\"wp-block-image is-resized\">\n<figure class=\"alignright size-large\"><img loading=\"lazy\" decoding=\"async\" width=\"1024\" height=\"970\" src=\"https:\/\/porte-plume.ovh\/wp-content\/uploads\/2022\/09\/308616883_1130738480867709_3561691280291869735_n-1024x970.jpg\" alt=\"\" class=\"wp-image-584\" style=\"aspect-ratio:1.0556701030927835;width:679px;height:auto\" srcset=\"https:\/\/porte-plume.ovh\/wp-content\/uploads\/2022\/09\/308616883_1130738480867709_3561691280291869735_n-1024x970.jpg 1024w, https:\/\/porte-plume.ovh\/wp-content\/uploads\/2022\/09\/308616883_1130738480867709_3561691280291869735_n-300x284.jpg 300w, https:\/\/porte-plume.ovh\/wp-content\/uploads\/2022\/09\/308616883_1130738480867709_3561691280291869735_n-768x728.jpg 768w, https:\/\/porte-plume.ovh\/wp-content\/uploads\/2022\/09\/308616883_1130738480867709_3561691280291869735_n-1536x1455.jpg 1536w, https:\/\/porte-plume.ovh\/wp-content\/uploads\/2022\/09\/308616883_1130738480867709_3561691280291869735_n.jpg 1583w\" sizes=\"auto, (max-width: 1024px) 100vw, 1024px\" \/><figcaption class=\"wp-element-caption\">LA TRIBUNE \/ Septembre 2022<\/figcaption><\/figure>\n<\/div>\n\n<div class=\"wp-block-image\">\n<figure class=\"aligncenter size-large is-resized\"><img loading=\"lazy\" decoding=\"async\" width=\"630\" height=\"1024\" src=\"https:\/\/porte-plume.ovh\/wp-content\/uploads\/2022\/05\/279232842_336405458560689_6710051894038124896_n-630x1024.jpg\" alt=\"\" class=\"wp-image-523\" style=\"width:537px;height:872px\" srcset=\"https:\/\/porte-plume.ovh\/wp-content\/uploads\/2022\/05\/279232842_336405458560689_6710051894038124896_n-630x1024.jpg 630w, https:\/\/porte-plume.ovh\/wp-content\/uploads\/2022\/05\/279232842_336405458560689_6710051894038124896_n-184x300.jpg 184w, https:\/\/porte-plume.ovh\/wp-content\/uploads\/2022\/05\/279232842_336405458560689_6710051894038124896_n-768x1249.jpg 768w, https:\/\/porte-plume.ovh\/wp-content\/uploads\/2022\/05\/279232842_336405458560689_6710051894038124896_n-945x1536.jpg 945w, https:\/\/porte-plume.ovh\/wp-content\/uploads\/2022\/05\/279232842_336405458560689_6710051894038124896_n.jpg 1062w\" sizes=\"auto, (max-width: 630px) 100vw, 630px\" \/><figcaption class=\"wp-element-caption\">Hebdo Ard\u00e8che \/ Mai 2022<\/figcaption><\/figure>\n<\/div>\n\n<div class=\"wp-block-image is-resized\">\n<figure class=\"alignright size-large\"><img loading=\"lazy\" decoding=\"async\" width=\"893\" height=\"1024\" src=\"https:\/\/porte-plume.ovh\/wp-content\/uploads\/2021\/03\/La-Tribune-893x1024.jpg\" alt=\"\" class=\"wp-image-317\" style=\"aspect-ratio:0.8720703125;width:724px;height:auto\" srcset=\"https:\/\/porte-plume.ovh\/wp-content\/uploads\/2021\/03\/La-Tribune-893x1024.jpg 893w, https:\/\/porte-plume.ovh\/wp-content\/uploads\/2021\/03\/La-Tribune-262x300.jpg 262w, https:\/\/porte-plume.ovh\/wp-content\/uploads\/2021\/03\/La-Tribune-768x881.jpg 768w, https:\/\/porte-plume.ovh\/wp-content\/uploads\/2021\/03\/La-Tribune-1339x1536.jpg 1339w, https:\/\/porte-plume.ovh\/wp-content\/uploads\/2021\/03\/La-Tribune.jpg 1757w\" sizes=\"auto, (max-width: 893px) 100vw, 893px\" \/><figcaption class=\"wp-element-caption\">La Tribune \/ Mars 2021<\/figcaption><\/figure>\n<\/div>\n\n<div class=\"wp-block-image\">\n<figure class=\"aligncenter size-large is-resized\"><img loading=\"lazy\" decoding=\"async\" width=\"678\" height=\"1024\" src=\"https:\/\/porte-plume.ovh\/wp-content\/uploads\/2021\/03\/163637940_278554157320239_7923635403817124739_n-678x1024.jpg\" alt=\"\" class=\"wp-image-318\" style=\"width:533px;height:804px\" srcset=\"https:\/\/porte-plume.ovh\/wp-content\/uploads\/2021\/03\/163637940_278554157320239_7923635403817124739_n-678x1024.jpg 678w, https:\/\/porte-plume.ovh\/wp-content\/uploads\/2021\/03\/163637940_278554157320239_7923635403817124739_n-199x300.jpg 199w, https:\/\/porte-plume.ovh\/wp-content\/uploads\/2021\/03\/163637940_278554157320239_7923635403817124739_n-768x1160.jpg 768w, https:\/\/porte-plume.ovh\/wp-content\/uploads\/2021\/03\/163637940_278554157320239_7923635403817124739_n-1017x1536.jpg 1017w, https:\/\/porte-plume.ovh\/wp-content\/uploads\/2021\/03\/163637940_278554157320239_7923635403817124739_n.jpg 1155w\" sizes=\"auto, (max-width: 678px) 100vw, 678px\" \/><figcaption class=\"wp-element-caption\">Le Dauphin\u00e9 \/ Mars 2021<\/figcaption><\/figure>\n<\/div>\n\n<div class=\"wp-block-image\">\n<figure class=\"alignright size-large\"><img loading=\"lazy\" decoding=\"async\" width=\"960\" height=\"960\" src=\"https:\/\/porte-plume.ovh\/wp-content\/uploads\/2021\/10\/Rupismaurien-juillet-21-1.jpg\" alt=\"\" class=\"wp-image-384\" srcset=\"https:\/\/porte-plume.ovh\/wp-content\/uploads\/2021\/10\/Rupismaurien-juillet-21-1.jpg 960w, https:\/\/porte-plume.ovh\/wp-content\/uploads\/2021\/10\/Rupismaurien-juillet-21-1-300x300.jpg 300w, https:\/\/porte-plume.ovh\/wp-content\/uploads\/2021\/10\/Rupismaurien-juillet-21-1-150x150.jpg 150w, https:\/\/porte-plume.ovh\/wp-content\/uploads\/2021\/10\/Rupismaurien-juillet-21-1-768x768.jpg 768w\" sizes=\"auto, (max-width: 960px) 100vw, 960px\" \/><figcaption class=\"wp-element-caption\">Le Rupismaurien \/ Juillet 2021<\/figcaption><\/figure>\n<\/div>\n\n","protected":false},"excerpt":{"rendered":"","protected":false},"author":1,"featured_media":0,"parent":0,"menu_order":0,"comment_status":"closed","ping_status":"closed","template":"","meta":{"footnotes":"[]"},"class_list":["post-316","page","type-page","status-publish","hentry"],"_links":{"self":[{"href":"https:\/\/porte-plume.ovh\/index.php\/wp-json\/wp\/v2\/pages\/316","targetHints":{"allow":["GET"]}}],"collection":[{"href":"https:\/\/porte-plume.ovh\/index.php\/wp-json\/wp\/v2\/pages"}],"about":[{"href":"https:\/\/porte-plume.ovh\/index.php\/wp-json\/wp\/v2\/types\/page"}],"author":[{"embeddable":true,"href":"https:\/\/porte-plume.ovh\/index.php\/wp-json\/wp\/v2\/users\/1"}],"replies":[{"embeddable":true,"href":"https:\/\/porte-plume.ovh\/index.php\/wp-json\/wp\/v2\/comments?post=316"}],"version-history":[{"count":15,"href":"https:\/\/porte-plume.ovh\/index.php\/wp-json\/wp\/v2\/pages\/316\/revisions"}],"predecessor-version":[{"id":960,"href":"https:\/\/porte-plume.ovh\/index.php\/wp-json\/wp\/v2\/pages\/316\/revisions\/960"}],"wp:attachment":[{"href":"https:\/\/porte-plume.ovh\/index.php\/wp-json\/wp\/v2\/media?parent=316"}],"curies":[{"name":"wp","href":"https:\/\/api.w.org\/{rel}","templated":true}]}}