{"id":224,"date":"2020-11-13T11:48:11","date_gmt":"2020-11-13T10:48:11","guid":{"rendered":"http:\/\/porte-plume.ovh\/?page_id=224"},"modified":"2024-11-06T09:11:42","modified_gmt":"2024-11-06T08:11:42","slug":"plaquette","status":"publish","type":"page","link":"https:\/\/porte-plume.ovh\/index.php\/plaquette\/","title":{"rendered":"MES PLAQUETTES"},"content":{"rendered":"<div class=\"wp-block-image\">\n<figure class=\"aligncenter size-large\"><img loading=\"lazy\" decoding=\"async\" width=\"1080\" height=\"1080\" src=\"https:\/\/porte-plume.ovh\/wp-content\/uploads\/2024\/11\/4-1024x1024.jpg\" alt=\"\" class=\"wp-image-974\" srcset=\"https:\/\/porte-plume.ovh\/wp-content\/uploads\/2024\/11\/4-1024x1024.jpg 1024w, https:\/\/porte-plume.ovh\/wp-content\/uploads\/2024\/11\/4-300x300.jpg 300w, https:\/\/porte-plume.ovh\/wp-content\/uploads\/2024\/11\/4-150x150.jpg 150w, https:\/\/porte-plume.ovh\/wp-content\/uploads\/2024\/11\/4-768x768.jpg 768w, https:\/\/porte-plume.ovh\/wp-content\/uploads\/2024\/11\/4.jpg 1080w\" sizes=\"auto, (max-width: 1080px) 100vw, 1080px\" \/><\/figure>\n<\/div>\n\n\n<figure class=\"wp-block-image size-large\"><img loading=\"lazy\" decoding=\"async\" width=\"1024\" height=\"1024\" src=\"https:\/\/porte-plume.ovh\/wp-content\/uploads\/2024\/11\/2-1024x1024.jpg\" alt=\"\" class=\"wp-image-971\" srcset=\"https:\/\/porte-plume.ovh\/wp-content\/uploads\/2024\/11\/2-1024x1024.jpg 1024w, https:\/\/porte-plume.ovh\/wp-content\/uploads\/2024\/11\/2-300x300.jpg 300w, https:\/\/porte-plume.ovh\/wp-content\/uploads\/2024\/11\/2-150x150.jpg 150w, https:\/\/porte-plume.ovh\/wp-content\/uploads\/2024\/11\/2-768x768.jpg 768w, https:\/\/porte-plume.ovh\/wp-content\/uploads\/2024\/11\/2.jpg 1080w\" sizes=\"auto, (max-width: 1024px) 100vw, 1024px\" \/><\/figure>\n\n\n<div class=\"wp-block-image\">\n<figure class=\"aligncenter size-large\"><img loading=\"lazy\" decoding=\"async\" width=\"1024\" height=\"1024\" src=\"https:\/\/porte-plume.ovh\/wp-content\/uploads\/2024\/11\/3-1024x1024.jpg\" alt=\"\" class=\"wp-image-972\" srcset=\"https:\/\/porte-plume.ovh\/wp-content\/uploads\/2024\/11\/3-1024x1024.jpg 1024w, https:\/\/porte-plume.ovh\/wp-content\/uploads\/2024\/11\/3-300x300.jpg 300w, https:\/\/porte-plume.ovh\/wp-content\/uploads\/2024\/11\/3-150x150.jpg 150w, https:\/\/porte-plume.ovh\/wp-content\/uploads\/2024\/11\/3-768x768.jpg 768w, https:\/\/porte-plume.ovh\/wp-content\/uploads\/2024\/11\/3.jpg 1080w\" sizes=\"auto, (max-width: 1024px) 100vw, 1024px\" \/><\/figure>\n<\/div>\n\n\n<figure class=\"wp-block-image size-large\"><img loading=\"lazy\" decoding=\"async\" width=\"1024\" height=\"1024\" src=\"https:\/\/porte-plume.ovh\/wp-content\/uploads\/2024\/09\/3-1024x1024.jpg\" alt=\"\" class=\"wp-image-951\" srcset=\"https:\/\/porte-plume.ovh\/wp-content\/uploads\/2024\/09\/3-1024x1024.jpg 1024w, https:\/\/porte-plume.ovh\/wp-content\/uploads\/2024\/09\/3-300x300.jpg 300w, https:\/\/porte-plume.ovh\/wp-content\/uploads\/2024\/09\/3-150x150.jpg 150w, https:\/\/porte-plume.ovh\/wp-content\/uploads\/2024\/09\/3-768x768.jpg 768w, https:\/\/porte-plume.ovh\/wp-content\/uploads\/2024\/09\/3.jpg 1080w\" sizes=\"auto, (max-width: 1024px) 100vw, 1024px\" \/><\/figure>\n\n\n\n<p><\/p>\n\n\n\n<figure class=\"wp-block-pullquote\"><blockquote><p>La plaquette de pr\u00e9sentation g\u00e9n\u00e9rale<\/p><\/blockquote><\/figure>\n\n\n\n<figure class=\"wp-block-image alignwide size-large is-style-default\"><img loading=\"lazy\" decoding=\"async\" width=\"1024\" height=\"725\" src=\"https:\/\/porte-plume.ovh\/wp-content\/uploads\/2021\/03\/Image-plaquette-generale2-1024x725.png\" alt=\"\" class=\"wp-image-307\" srcset=\"https:\/\/porte-plume.ovh\/wp-content\/uploads\/2021\/03\/Image-plaquette-generale2-1024x725.png 1024w, https:\/\/porte-plume.ovh\/wp-content\/uploads\/2021\/03\/Image-plaquette-generale2-300x212.png 300w, https:\/\/porte-plume.ovh\/wp-content\/uploads\/2021\/03\/Image-plaquette-generale2-768x544.png 768w, https:\/\/porte-plume.ovh\/wp-content\/uploads\/2021\/03\/Image-plaquette-generale2.png 1201w\" sizes=\"auto, (max-width: 1024px) 100vw, 1024px\" \/><\/figure>\n\n\n<div class=\"wp-block-image is-style-default\">\n<figure class=\"aligncenter size-large is-resized\"><img loading=\"lazy\" decoding=\"async\" width=\"1024\" height=\"716\" src=\"https:\/\/porte-plume.ovh\/wp-content\/uploads\/2021\/03\/Image-plaquette-generale1-1-1024x716.png\" alt=\"\" class=\"wp-image-312\" style=\"aspect-ratio:1.4301675977653632;width:730px;height:auto\" srcset=\"https:\/\/porte-plume.ovh\/wp-content\/uploads\/2021\/03\/Image-plaquette-generale1-1-1024x716.png 1024w, https:\/\/porte-plume.ovh\/wp-content\/uploads\/2021\/03\/Image-plaquette-generale1-1-300x210.png 300w, https:\/\/porte-plume.ovh\/wp-content\/uploads\/2021\/03\/Image-plaquette-generale1-1-768x537.png 768w, https:\/\/porte-plume.ovh\/wp-content\/uploads\/2021\/03\/Image-plaquette-generale1-1.png 1216w\" sizes=\"auto, (max-width: 1024px) 100vw, 1024px\" \/><\/figure>\n<\/div>\n\n\n<p><\/p>\n\n\n\n<figure class=\"wp-block-pullquote\"><blockquote><p>L&rsquo;atelier d&rsquo;\u00e9criture<\/p><\/blockquote><\/figure>\n\n\n<div class=\"wp-block-image is-style-default\">\n<figure class=\"aligncenter size-large\"><img loading=\"lazy\" decoding=\"async\" width=\"586\" height=\"847\" src=\"https:\/\/porte-plume.ovh\/wp-content\/uploads\/2021\/03\/atelier-ecriture.png\" alt=\"\" class=\"wp-image-310\" srcset=\"https:\/\/porte-plume.ovh\/wp-content\/uploads\/2021\/03\/atelier-ecriture.png 586w, https:\/\/porte-plume.ovh\/wp-content\/uploads\/2021\/03\/atelier-ecriture-208x300.png 208w\" sizes=\"auto, (max-width: 586px) 100vw, 586px\" \/><\/figure>\n<\/div>\n\n\n<div class=\"wp-block-group\"><div class=\"wp-block-group__inner-container is-layout-flow wp-block-group-is-layout-flow\">\n<figure class=\"wp-block-pullquote\"><blockquote><p>L&rsquo;\u00e9crivain public pour les particuliers<\/p><\/blockquote><\/figure>\n<\/div><\/div>\n\n\n<div class=\"wp-block-image\">\n<figure class=\"aligncenter size-large is-resized\"><img loading=\"lazy\" decoding=\"async\" width=\"577\" height=\"835\" src=\"https:\/\/porte-plume.ovh\/wp-content\/uploads\/2021\/03\/Capture-decran-2021-03-03-135217.png\" alt=\"\" class=\"wp-image-305\" style=\"width:577px;height:835px\" srcset=\"https:\/\/porte-plume.ovh\/wp-content\/uploads\/2021\/03\/Capture-decran-2021-03-03-135217.png 577w, https:\/\/porte-plume.ovh\/wp-content\/uploads\/2021\/03\/Capture-decran-2021-03-03-135217-207x300.png 207w\" sizes=\"auto, (max-width: 577px) 100vw, 577px\" \/><\/figure>\n<\/div>\n\n\n<figure class=\"wp-block-pullquote\"><blockquote><p>L&rsquo;\u00e9crivain public <br>aupr\u00e8s des collectivit\u00e9s et associations<\/p><\/blockquote><\/figure>\n\n\n<div class=\"wp-block-image\">\n<figure class=\"aligncenter size-large\"><img loading=\"lazy\" decoding=\"async\" width=\"725\" height=\"1024\" src=\"https:\/\/porte-plume.ovh\/wp-content\/uploads\/2021\/03\/Plaquette-colelctivites-et-asso-725x1024.png\" alt=\"\" class=\"wp-image-299\" srcset=\"https:\/\/porte-plume.ovh\/wp-content\/uploads\/2021\/03\/Plaquette-colelctivites-et-asso-725x1024.png 725w, https:\/\/porte-plume.ovh\/wp-content\/uploads\/2021\/03\/Plaquette-colelctivites-et-asso-212x300.png 212w, https:\/\/porte-plume.ovh\/wp-content\/uploads\/2021\/03\/Plaquette-colelctivites-et-asso-768x1084.png 768w, https:\/\/porte-plume.ovh\/wp-content\/uploads\/2021\/03\/Plaquette-colelctivites-et-asso.png 908w\" sizes=\"auto, (max-width: 725px) 100vw, 725px\" \/><\/figure>\n<\/div>","protected":false},"excerpt":{"rendered":"<p class=\"text-justify\">La plaquette de pr\u00e9sentation g\u00e9n\u00e9rale L&rsquo;atelier d&rsquo;\u00e9criture L&rsquo;\u00e9crivain public pour les particuliers L&rsquo;\u00e9crivain public aupr\u00e8s des collectivit\u00e9s et associations<\/p>\n","protected":false},"author":1,"featured_media":0,"parent":0,"menu_order":0,"comment_status":"closed","ping_status":"closed","template":"","meta":{"footnotes":""},"class_list":["post-224","page","type-page","status-publish","hentry"],"_links":{"self":[{"href":"https:\/\/porte-plume.ovh\/index.php\/wp-json\/wp\/v2\/pages\/224","targetHints":{"allow":["GET"]}}],"collection":[{"href":"https:\/\/porte-plume.ovh\/index.php\/wp-json\/wp\/v2\/pages"}],"about":[{"href":"https:\/\/porte-plume.ovh\/index.php\/wp-json\/wp\/v2\/types\/page"}],"author":[{"embeddable":true,"href":"https:\/\/porte-plume.ovh\/index.php\/wp-json\/wp\/v2\/users\/1"}],"replies":[{"embeddable":true,"href":"https:\/\/porte-plume.ovh\/index.php\/wp-json\/wp\/v2\/comments?post=224"}],"version-history":[{"count":16,"href":"https:\/\/porte-plume.ovh\/index.php\/wp-json\/wp\/v2\/pages\/224\/revisions"}],"predecessor-version":[{"id":975,"href":"https:\/\/porte-plume.ovh\/index.php\/wp-json\/wp\/v2\/pages\/224\/revisions\/975"}],"wp:attachment":[{"href":"https:\/\/porte-plume.ovh\/index.php\/wp-json\/wp\/v2\/media?parent=224"}],"curies":[{"name":"wp","href":"https:\/\/api.w.org\/{rel}","templated":true}]}}